{"id":2419,"date":"2018-09-13T16:48:47","date_gmt":"2018-09-13T14:48:47","guid":{"rendered":"https:\/\/www.twinstone.be\/?page_id=2419"},"modified":"2019-03-06T16:26:00","modified_gmt":"2019-03-06T14:26:00","slug":"affaires","status":"publish","type":"page","link":"https:\/\/www.twinstone.be\/fr\/affaires\/","title":{"rendered":"Affaires"},"content":{"rendered":"<p>[vc_row css=\u00a0\u00bb.vc_custom_1522851111673{background-image: url(https:\/\/www.twinstone.be\/wp-content\/uploads\/56369609.jpg?id=1986) !important;background-position: center !important;background-repeat: no-repeat !important;background-size: cover !important;}\u00a0\u00bb][vc_column css=\u00a0\u00bb.vc_custom_1524421615013{padding-right: 0px !important;padding-bottom: 0px !important;padding-left: 0px !important;background-color: rgba(255,255,255,0.15) !important;*background-color: rgb(255,255,255) !important;}\u00a0\u00bb][vc_empty_space height=\u00a0\u00bb370&Prime;]\t\t\t<div class=\"boeking-formulier\" id=\"book\">\n\t\t\t\t<button type=\"button\" class=\"btnCheckAvail mytourist-open-modal\">R\u00e9server maintenant<\/button>\n\t\t\t\t<div class=\"clearfix\"><\/div>\n\t\t\t<\/div>\n\t\t[\/vc_column][\/vc_row][vc_row sbxs_bg_class=\u00a0\u00bbbg-white\u00a0\u00bb css=\u00a0\u00bb.vc_custom_1524486887282{padding-top: 40px !important;padding-bottom: 40px !important;}\u00a0\u00bb][vc_column][vc_empty_space height=\u00a0\u00bb75&Prime;][vc_column_text el_class=\u00a0\u00bbstyled-title-center\u00a0\u00bb]<\/p>\n<h1 style=\"text-align: center;\">Business<\/h1>\n<p>[\/vc_column_text][vc_empty_space height=\u00a0\u00bb20&Prime;][\/vc_column][\/vc_row][vc_row sbxs_bg_class=\u00a0\u00bbbg-white\u00a0\u00bb el_class=\u00a0\u00bbshadow-row\u00a0\u00bb][vc_column width=\u00a0\u00bb1\/2&Prime;][vc_column_text]<\/p>\n<p style=\"text-align: center;\">\u00e9v\u00e9nements, r\u00e9unions, teambuilding, &#8230;<\/p>\n<p>[\/vc_column_text][vc_empty_space height=\u00a0\u00bb20&Prime;][vc_column_text]Planifiez votre \u00e9v\u00e9nement dans un environnement moderne, inspirant et priv\u00e9 !<\/p>\n<p>Au Twinstone Lodge, vous pouvez organiser des entra\u00eenements d\u2019\u00e9quipe, des s\u00e9minaires, des s\u00e9ances de formation et des r\u00e9unions.<\/p>\n<p>La salle de r\u00e9union est entour\u00e9e de nature et est completement \u00e9quip\u00e9e (\u00e9cran et projecteur pr\u00e9sents), afin d\u2019y travailler en toute tranquilit\u00e9.<\/p>\n<p>Le logement modulaire est apropri\u00e9 pour des groupes de 4 \u00e1 28 personnes (10 chambres disponibles).<\/p>\n<p>Du service traiteur est disponible \u00e1 travers d\u2019un de nos partenaires. Il est \u00e9galment possible d\u2019engager un chef de cuisine.<\/p>\n<p>Kattevennen offre plusieurs activit\u00e9s: des promenades dans la nature (\u00e9ventuellement accompagn\u00e9s par un ranger), des routes \u00e1 v\u00e9lo \u00e1 travers du parc national \u2018Hoge Kempen\u2019, du cheval, etc. En plus, le sentier aux pieds nus se situe \u00e0 7 km du Twinstone Lodge.<\/p>\n<p>Un sauna et un bain \u00e0 vapeur sont disponibles.[\/vc_column_text][\/vc_column][vc_column width=\u00a0\u00bb1\/2&Prime;][vc_single_image image=\u00a0\u00bb1986&Prime; img_size=\u00a0\u00bb500&#215;400&Prime; alignment=\u00a0\u00bbcenter\u00a0\u00bb style=\u00a0\u00bbvc_box_rounded\u00a0\u00bb][\/vc_column][\/vc_row][vc_row sbxs_bg_class=\u00a0\u00bbbg-white\u00a0\u00bb sbxs_headings_class=\u00a0\u00bbheadings-dark\u00a0\u00bb sbxs_text_class=\u00a0\u00bbtext-dark\u00a0\u00bb][vc_column][vc_empty_space height=\u00a0\u00bb75&Prime;][vc_column_text el_class=\u00a0\u00bbstyled-title-center\u00a0\u00bb]<\/p>\n<h2 style=\"text-align: center;\">D\u00e9couvrez Twinstone Lodge ici<\/h2>\n<p>[\/vc_column_text][vc_column_text el_class=\u00a0\u00bbstyled-subtext\u00a0\u00bb]<\/p>\n<p style=\"text-align: center;\">\u201dAdventure Awaits, Go find it.\u201d<\/p>\n<p>[\/vc_column_text][vc_empty_space height=\u00a0\u00bb50&Prime;]\t\t\t\t\n\t\t\t\t<!-- Modal -->\n\t\t\t\t<div id=\"twinvideo\" class=\"modal fade\" role=\"dialog\">\n\t\t\t\t  <div class=\"modal-dialog\">\n\t\t\t\t\n\t\t\t\t    <!-- Modal content-->\n\t\t\t\t    <div class=\"modal-content\">\n\t\t\t\t\t    \n\t\t\t\t      <div class=\"modal-header\">\n\t\t\t\t        <button type=\"button\" class=\"close\" data-dismiss=\"modal\">&times;<\/button>\n\t\t\t\t      <\/div>\n\t\t\t\t      \n\t\t\t\t      <div class=\"modal-body\">\n\t\t\t\t      \t<video id=\"twinvideoel\" controls src=\"https:\/\/www.twinstone.be\/wp-content\/uploads\/twinstone-lodge-video.mp4\"><\/video>\n\t\t\t\t      <\/div>\n\t\t\t\t      \n\t\t\t\t    <\/div>\n\t\t\t\t\n\t\t\t\t  <\/div>\n\t\t\t\t<\/div>\n\n\n\t\t\t\t<script>\n\t\t\t\tjQuery(document).ready(function($) {\n\t\t\t\t\tjQuery('.opentwinvideo').click(function(e) {\n\t\t\t\t\t\te.preventDefault();\n\t\t\t\t\t\tjQuery(\"#twinvideo\").modal();\n\t\t\t\t\t\t\n\t\t\t\t\t\tif (jQuery(\"#twinvideoel\").get(0).paused) {\n\t\t\t\t\t\t       jQuery(\"#twinvideoel\").get(0).play();\n\t\t\t\t\t\t   } else {\n\t\t\t\t\t\t       jQuery(\"#twinvideoel\").get(0).pause();\n\t\t\t\t\t\t  }\n  \n\t\t\t\t\t});\n\t\t\t\t\n\t\t\t\t\tjQuery('#twinvideo').on('hidden.bs.modal', function () {\n\t\t\t\t\t  jQuery(\"#twinvideoel\").get(0).pause();\n\t\t\t\t\t});\n\t\t\t\t});\n\t\t\t\t<\/script>\n\n\t\t\t\n\t\t\t\t<div class=\"homepage-masonry\">\n\t\t\t\t\t\n\t\t\t\t\t<div class=\"col-lg-3 col-md-3 col-sm-3 col-xs-3 grid-sizer\"><\/div>\n\t\t\t\t\t\n\t\t\t\t\t\n\n\n\t\t\t\t\t<div class=\"col-lg-6 col-md-6 col-sm-6 col-xs-12 masonry-item double-height\">\n\t\t\t\t\t\t<div class=\"inner\" style=\"background-image: url(https:\/\/www.twinstone.be\/wp-content\/uploads\/video-bg.png);\">\n\t\t\t\t\t\t\t<a class=\"link opentwinvideo\" href=\"#\">\n\t\t\t\t\t\t\t\t<div class=\"caption\">\n\t\t\t\t\t\t\t\t\t<!--\n\t\t\t\t\t\t\t\t\t<h3>Bekijk het fotoalbum<\/h3>\n\t\t\t\t\t\t\t\t\t<h4>Een interieur om van te genieten<\/h4>\n\t\t\t\t\t\t\t\t\t-->\n\t\t\t\t\t\t\t\t\t<i class=\"fa fa-play\"><\/i>\n\n\t\t\t\t\t\t\t\t<\/div>\n\t\t\t\t\t\t\t<\/a>\n\t\t\t\t\t\t<\/div>\n\t\t\t\t\t<\/div>\n\t\t\t\t\t\n\t\t\t\t\t\n\t\t\t\t\t\n\t\t\t\t\t\n\t\t\t\t\t<!--\n\t\t\t\t\t<div class=\"col-lg-6 masonry-item double-height\">\n\t\t\t\t\t\t<div class=\"inner\" style=\"background-image: url(https:\/\/www.twinstone.be\/wp-content\/uploads\/shutterstock-366653684.jpg);\">\n\t\t\t\t\t\t\t<a class=\"link\" href=\"http:\/\/twin.sbxs.io\/fotoalbum\/\">\n\t\t\t\t\t\t\t\t<div class=\"caption\">\n\t\t\t\t\t\t\t\t\t<h3>Bekijk het fotoalbum<\/h3>\n\t\t\t\t\t\t\t\t\t<h4>Een interieur om van te genieten<\/h4>\n\t\t\t\t\t\t\t\t<\/div>\n\t\t\t\t\t\t\t<\/a>\n\t\t\t\t\t\t<\/div>\n\t\t\t\t\t<\/div>\n\t\t\t\t\t-->\n\t\t\t\t\t\n\t\t\t\t\t<div class=\"col-lg-3 col-md-3 col-sm-6 col-xs-12 masonry-item\">\n\t\t\t\t\t\t<div class=\"inner\" style=\"background-image: url(https:\/\/www.twinstone.be\/wp-content\/uploads\/kattevennen.png);\">\n\t\t\t\t\t\t\t\t\t\t\t\t\t\t<a class=\"link\" href=\"https:\/\/www.twinstone.be\/fr\/kattevennen\/\">\n\t\t\t\t\t\t\t\t<div class=\"caption\">\n\t\t\t\t\t\t\t\t\t<h3>Kattevennen<\/h3>\n\t\t\t\t\t\t\t\t\t<h4>D\u00e9couvrez la r\u00e9gion<\/h4>\n\t\t\t\t\t\t\t\t<\/div>\n\t\t\t\t\t\t\t<\/a>\n\t\t\t\t\t\t<\/div>\n\t\t\t\t\t<\/div>\n\t\t\t\t\t\t\t\t\n\t\t\t\t\t<div class=\"col-lg-3 col-md-3 col-sm-6 col-xs-12 masonry-item\">\n\t\t\t\t\t\t<div class=\"inner\" style=\"background-image: url(https:\/\/www.twinstone.be\/wp-content\/uploads\/54110259.png);\">\n\t\t\t\t\t\t\t\t\t\t\t\t\t\t<a class=\"link\" href=\"https:\/\/www.twinstone.be\/fr\/logement-de-vacances\/\">\n\t\t\t\t\t\t\t\t<div class=\"caption\">\n\t\t\t\t\t\t\t\t\t<h3>Logement de vancances<\/h3>\n\t\t\t\t\t\t\t\t\t<h4>Facilit\u00e9s et informations pratiques<\/h4>\n\t\t\t\t\t\t\t\t<\/div>\n\t\t\t\t\t\t\t<\/a>\n\t\t\t\t\t\t<\/div>\n\t\t\t\t\t<\/div>\n\t\t\t\t\t\n\t\t\t\t\t<!--\n\t\t\t\t\t<div class=\"col-lg-6 masonry-item\">\n\t\t\t\t\t\t<div class=\"inner\" style=\"background-image: url(https:\/\/www.twinstone.be\/wp-content\/uploads\/shutterstock-383121376.png);\">\n\t\t\t\t\t\t\t<a class=\"link\" href=\"http:\/\/twin.sbxs.io\/reservatie\/\">\n\t\t\t\t\t\t\t\t<div class=\"caption\">\n\t\t\t\t\t\t\t\t\t<h3>Reservatie<\/h3>\n\t\t\t\t\t\t\t\t\t<h4>Bekijk snel de beschikbare periode om te boeken<\/h4>\n\t\t\t\t\t\t\t\t<\/div>\n\t\t\t\t\t\t\t<\/a>\n\t\t\t\t\t\t<\/div>\n\t\t\t\t\t<\/div>\n\t\t\t\t\t-->\n\t\t\t\t\n\t\t\t\t\n\n\t\t\t\t\n\t\t\t\t\t<div class=\"col-lg-3 col-md-3 col-sm-6 col-xs-12 masonry-item\">\n\t\t\t\t\t\t<div class=\"inner\" style=\"background-image: url(https:\/\/www.twinstone.be\/wp-content\/uploads\/54110259.png);\">\n\t\t\t\t\t\t\t\t\t\t\t\t\t\t<a class=\"link\" href=\"https:\/\/www.twinstone.be\/fr\/galerie\/\">\n\t\t\t\t\t\t\t\t<div class=\"caption\">\n\t\t\t\t\t\t\t\t\t<h3>Gal\u00e9rie<\/h3>\n\t\t\t\t\t\t\t\t\t<h4>D\u00e9couvrez Twinstone Lodge<\/h4>\n\t\t\t\t\t\t\t\t<\/div>\n\t\t\t\t\t\t\t<\/a>\n\t\t\t\t\t\t<\/div>\n\t\t\t\t\t<\/div>\n\t\t\t\t\t\t\t\t\n\t\t\t\t\t<div class=\"col-lg-3 col-md-3 col-sm-6 col-xs-12 masonry-item\">\n\t\t\t\t\t\t<div class=\"inner\" style=\"background-image: url(https:\/\/www.twinstone.be\/wp-content\/uploads\/kattevennen.png);\">\n\t\t\t\t\t\t\t\t\t\t\t\t\t\t<a class=\"link\" href=\"https:\/\/www.twinstone.be\/fr\/contact\/\">\n\t\t\t\t\t\t\t\t<div class=\"caption\">\n\t\t\t\t\t\t\t\t\t<h3>Contact<\/h3>\n\t\t\t\t\t\t\t\t\t<h4>Contactez-nous, facile- et rapidament<\/h4>\n\t\t\t\t\t\t\t\t<\/div>\n\t\t\t\t\t\t\t<\/a>\n\t\t\t\t\t\t<\/div>\n\t\t\t\t\t<\/div>\n\t\t\t\t\t\n\t\t\t\t\t\n\t\t\t\t\t\n\t\t\t\t\t\n\t\t\t\t<\/div>\n\t\t\t\t\n\t\t\t\t\n\t\t\t[vc_empty_space height=\u00a0\u00bb50&Prime;][\/vc_column][\/vc_row][vc_row equal_height=\u00a0\u00bbyes\u00a0\u00bb content_placement=\u00a0\u00bbmiddle\u00a0\u00bb sbxs_bg_class=\u00a0\u00bbbg-light\u00a0\u00bb sbxs_headings_class=\u00a0\u00bbheadings-dark\u00a0\u00bb sbxs_text_class=\u00a0\u00bbtext-dark\u00a0\u00bb][vc_column width=\u00a0\u00bb1\/2&Prime; css=\u00a0\u00bb.vc_custom_1523273977181{padding-top: 40px !important;padding-right: 40px !important;padding-bottom: 40px !important;padding-left: 40px !important;}\u00a0\u00bb][vc_column_text el_class=\u00a0\u00bbstyled-title\u00a0\u00bb]<\/p>\n<h2 style=\"text-align: center;\">Une itin\u00e9raire parfaite<\/h2>\n<p>[\/vc_column_text][vc_empty_space height=\u00a0\u00bb20&Prime;][vc_column_text el_class=\u00a0\u00bbstyled-title\u00a0\u00bb]<\/p>\n<p style=\"text-align: center;\">Twinstone Lodge<br \/>\nKattevennen<br \/>\n3600 Genk<br \/>\nBelgi\u00eb<\/p>\n<p>[\/vc_column_text][vc_empty_space height=\u00a0\u00bb20&Prime;][vc_column_text el_class=\u00a0\u00bbstyled-title\u00a0\u00bb]<\/p>\n<p style=\"text-align: center;\">A partir du carrefour \u00e0 la hauteur de l\u2019h\u00f4pital de Oost-Limburg (ZOL), suivez la signalisation \u2018Kattevennen\u2019. Sur le propre domaine, suivez la signalisation \u2018Twinstone Lodge\u2019.<\/p>\n<p style=\"text-align: center;\">Pour plus d\u2019informations, vous pouvez nous contacter par e-mail: info@twinstone.be.<br \/>\n\u00c9galement, vous pouvez nous appeler au n\u00famero de t\u00e9l\u00e9phone suivant: (+32) 475813678<\/p>\n<p>[\/vc_column_text][vc_empty_space height=\u00a0\u00bb60&Prime;][\/vc_column][vc_column width=\u00a0\u00bb1\/2&Prime; css=\u00a0\u00bb.vc_custom_1524232720714{padding-top: 0px !important;padding-right: 0px !important;padding-bottom: 0px !important;padding-left: 0px !important;background-position: center !important;background-repeat: no-repeat !important;background-size: cover !important;}\u00a0\u00bb]\t\t\t\n\t\t\t\t\t\t\t\n<iframe loading=\"lazy\" width=\"100%\" height=\"600\" frameborder=\"0\" style=\"border:0\" src=\"https:\/\/www.google.com\/maps\/embed\/v1\/place?q=place_id:ChIJjZdLlbHewEcRaqVJZHsXeGs&amp;key=AIzaSyAqMl5tXe0KVXTwzAgHgGysTTtdvjx--Y0\" allowfullscreen><\/iframe>\n\t\t\t\t    \n\t\t\t[\/vc_column][\/vc_row][vc_row equal_height=\u00a0\u00bbyes\u00a0\u00bb content_placement=\u00a0\u00bbmiddle\u00a0\u00bb sbxs_bg_class=\u00a0\u00bbbg-primary\u00a0\u00bb sbxs_headings_class=\u00a0\u00bbheadings-white\u00a0\u00bb sbxs_text_class=\u00a0\u00bbtext-white\u00a0\u00bb][vc_column css=\u00a0\u00bb.vc_custom_1523273977181{padding-top: 40px !important;padding-right: 40px !important;padding-bottom: 40px !important;padding-left: 40px !important;}\u00a0\u00bb][vc_empty_space height=\u00a0\u00bb60&Prime;][vc_column_text]<\/p>\n<h3 style=\"text-align: center;\">Twinstone lodge<\/h3>\n<p>[\/vc_column_text][vc_empty_space height=\u00a0\u00bb16&Prime;][vc_column_text]<\/p>\n<p style=\"text-align: center;\">\u00ab\u00a0the perfect place to be, is exactly where you are right now\u00a0\u00bb<\/p>\n<p>[\/vc_column_text][vc_empty_space height=\u00a0\u00bb60&Prime;][\/vc_column][\/vc_row]<\/p>\n","protected":false},"excerpt":{"rendered":"<p>[vc_row css=\u00a0\u00bb.vc_custom_1522851111673{background-image: url(https:\/\/www.twinstone.be\/wp-content\/uploads\/56369609.jpg?id=1986) !important;background-position: center !important;background-repeat: no-repeat !important;background-size: cover !important;}\u00a0\u00bb][vc_column css=\u00a0\u00bb.vc_custom_1524421615013{padding-right: 0px !important;padding-bottom: 0px !important;padding-left: 0px !important;background-color: rgba(255,255,255,0.15) !important;*background-color: rgb(255,255,255) !important;}\u00a0\u00bb][vc_empty_space height=\u00a0\u00bb370&Prime;][\/vc_column][\/vc_row][vc_row sbxs_bg_class=\u00a0\u00bbbg-white\u00a0\u00bb css=\u00a0\u00bb.vc_custom_1524486887282{padding-top: 40px !important;padding-bottom: 40px !important;}\u00a0\u00bb][vc_column][vc_empty_space height=\u00a0\u00bb75&Prime;][vc_column_text el_class=\u00a0\u00bbstyled-title-center\u00a0\u00bb] Business [\/vc_column_text][vc_empty_space height=\u00a0\u00bb20&Prime;][\/vc_column][\/vc_row][vc_row sbxs_bg_class=\u00a0\u00bbbg-white\u00a0\u00bb el_class=\u00a0\u00bbshadow-row\u00a0\u00bb][vc_column width=\u00a0\u00bb1\/2&Prime;][vc_column_text] \u00e9v\u00e9nements, r\u00e9unions, teambuilding, &#8230; [\/vc_column_text][vc_empty_space height=\u00a0\u00bb20&Prime;][vc_column_text]Planifiez votre \u00e9v\u00e9nement dans un environnement moderne, inspirant et priv\u00e9 ! Au Twinstone Lodge,<\/p>\n","protected":false},"author":1,"featured_media":0,"parent":0,"menu_order":0,"comment_status":"closed","ping_status":"closed","template":"","meta":{"_acf_changed":false,"footnotes":""},"class_list":["post-2419","page","type-page","status-publish","hentry"],"acf":[],"_links":{"self":[{"href":"https:\/\/www.twinstone.be\/fr\/wp-json\/wp\/v2\/pages\/2419","targetHints":{"allow":["GET"]}}],"collection":[{"href":"https:\/\/www.twinstone.be\/fr\/wp-json\/wp\/v2\/pages"}],"about":[{"href":"https:\/\/www.twinstone.be\/fr\/wp-json\/wp\/v2\/types\/page"}],"author":[{"embeddable":true,"href":"https:\/\/www.twinstone.be\/fr\/wp-json\/wp\/v2\/users\/1"}],"replies":[{"embeddable":true,"href":"https:\/\/www.twinstone.be\/fr\/wp-json\/wp\/v2\/comments?post=2419"}],"version-history":[{"count":9,"href":"https:\/\/www.twinstone.be\/fr\/wp-json\/wp\/v2\/pages\/2419\/revisions"}],"predecessor-version":[{"id":2702,"href":"https:\/\/www.twinstone.be\/fr\/wp-json\/wp\/v2\/pages\/2419\/revisions\/2702"}],"wp:attachment":[{"href":"https:\/\/www.twinstone.be\/fr\/wp-json\/wp\/v2\/media?parent=2419"}],"curies":[{"name":"wp","href":"https:\/\/api.w.org\/{rel}","templated":true}]}}