{"id":2274,"date":"2018-04-23T23:22:55","date_gmt":"2018-04-23T21:22:55","guid":{"rendered":"https:\/\/www.twinstone.be\/?page_id=2274"},"modified":"2022-07-31T13:33:43","modified_gmt":"2022-07-31T11:33:43","slug":"home","status":"publish","type":"page","link":"https:\/\/www.twinstone.be\/fr\/","title":{"rendered":"Home"},"content":{"rendered":"<p>[vc_row css=\u00a0\u00bb.vc_custom_1522851111673{background-image: url(https:\/\/www.twinstone.be\/wp-content\/uploads\/56369609.jpg?id=1986) !important;background-position: center !important;background-repeat: no-repeat !important;background-size: cover !important;}\u00a0\u00bb][vc_column css=\u00a0\u00bb.vc_custom_1524421615013{padding-right: 0px !important;padding-bottom: 0px !important;padding-left: 0px !important;background-color: rgba(255,255,255,0.15) !important;*background-color: rgb(255,255,255) !important;}\u00a0\u00bb][vc_empty_space height=\u00a0\u00bb370&Prime;]\t\t\t<div class=\"boeking-formulier\" id=\"book\">\n\t\t\t\t<button type=\"button\" class=\"btnCheckAvail mytourist-open-modal\">R\u00e9server maintenant<\/button>\n\t\t\t\t<div class=\"clearfix\"><\/div>\n\t\t\t<\/div>\n\t\t[\/vc_column][\/vc_row][vc_row sbxs_bg_class=\u00a0\u00bbbg-white\u00a0\u00bb sbxs_headings_class=\u00a0\u00bbheadings-dark\u00a0\u00bb sbxs_text_class=\u00a0\u00bbtext-dark\u00a0\u00bb][vc_column][vc_empty_space height=\u00a0\u00bb75&Prime;][vc_column_text el_class=\u00a0\u00bbstyled-title-center\u00a0\u00bb]<\/p>\n<h2 style=\"text-align: center;\">D\u00e9couvrez Twinstone Lodge ici<\/h2>\n<p>[\/vc_column_text][vc_column_text el_class=\u00a0\u00bbstyled-subtext\u00a0\u00bb]<\/p>\n<p style=\"text-align: center;\">\u201cSometimes the most productive thing you can do is relax.\u201d<\/p>\n<p>[\/vc_column_text][vc_empty_space height=\u00a0\u00bb50&Prime;][vc_row_inner el_class=\u00a0\u00bbrow-cards\u00a0\u00bb css=\u00a0\u00bb.vc_custom_1524473009442{padding-right: 32px !important;padding-left: 32px !important;}\u00a0\u00bb][vc_column_inner width=\u00a0\u00bb1\/3&Prime; css=\u00a0\u00bb.vc_custom_1524472945378{padding-right: 16px !important;padding-left: 16px !important;}\u00a0\u00bb]\n\t\t\t\t\n\t\t\t\t<div class=\"diamond\" style=\"background-image:url(https:\/\/www.twinstone.be\/wp-content\/uploads\/54110259-400x400.jpg);\">\n\t\t\t\t\t<div class=\"overlay\"><\/div>\n\t\t\t\t\t<div class=\"overlay border\"><\/div>\n\t\t\t\t\t<div class=\"overlay hoekje\"><\/div>\n\n\t\t\t\t<\/div>\n\n\t\t\t[vc_empty_space][vc_column_text]<\/p>\n<h3 style=\"text-align: center;\">Paysages magnifique<\/h3>\n<p>[\/vc_column_text][vc_empty_space height=\u00a0\u00bb16&Prime;][vc_column_text]<\/p>\n<p style=\"text-align: center;\">Kattevennen est une des 6 portes d\u2019acc\u00e8s du <a href=\"https:\/\/www.nationaalparkhogekempen.be\/fr\/\">parc national des\u00a0\u2018Hoge Kempen\u2019<\/a>. Dans cette r\u00e9serve naturelle, vous pouvez visiter le Cosmodrome et contempler ses nouveaux shows. Il est aussi possible de faire du v\u00e9lo, se promener ou jouer au minigolf. En plus, vous pouvez vous relaxer sur la charmante terasse de la brasserie De Krater, avec vue sur la plaine de jeux\u00a0 \u2018Speelplaneet\u2019. En bref\u00a0: venez profiter de la tranquilit\u00e9 et de la d\u00e9tente que offrent cette r\u00e9gion foresti\u00e8re.<\/p>\n<p style=\"text-align: center;\"><a href=\"https:\/\/www.twinstone.be\/contact\/fr\">Contactez-nous<\/a><\/p>\n<p>[\/vc_column_text][\/vc_column_inner][vc_column_inner width=\u00a0\u00bb1\/3&Prime; css=\u00a0\u00bb.vc_custom_1524472953026{padding-right: 16px !important;padding-left: 16px !important;}\u00a0\u00bb]\n\t\t\t\t\n\t\t\t\t<div class=\"diamond\" style=\"background-image:url(https:\/\/www.twinstone.be\/wp-content\/uploads\/IMG-1288-400x400.jpg);\">\n\t\t\t\t\t<div class=\"overlay\"><\/div>\n\t\t\t\t\t<div class=\"overlay border\"><\/div>\n\t\t\t\t\t<div class=\"overlay hoekje\"><\/div>\n\n\t\t\t\t<\/div>\n\n\t\t\t[vc_empty_space][vc_column_text]<\/p>\n<h3 style=\"text-align: center;\">Chambres spacieuses<\/h3>\n<p>[\/vc_column_text][vc_empty_space height=\u00a0\u00bb16&Prime;][vc_column_text]<\/p>\n<p style=\"text-align: center;\">L\u2019\u00e9tablissement comprend de deux unit\u00e9s qui pourraient se louer s\u00e9par\u00e9ment. La premi\u00e8re unit\u00e9 acceuille 16 personnes, la deuxi\u00e8me unit\u00e9 acceuille 12 personnes. En plus, la construction modulaire du b\u00e2timent permet la possibilit\u00e9 de louer la totalit\u00e9 du logement. \u00a0Ainsi, la capacit\u00e9 maximum constitue de 28 personnes.<\/p>\n<p>[\/vc_column_text][\/vc_column_inner][vc_column_inner width=\u00a0\u00bb1\/3&Prime; css=\u00a0\u00bb.vc_custom_1524472959937{padding-right: 16px !important;padding-left: 16px !important;}\u00a0\u00bb]\n\t\t\t\t\n\t\t\t\t<div class=\"diamond\" style=\"background-image:url(https:\/\/www.twinstone.be\/wp-content\/uploads\/IMG-1271-1-400x400.jpg);\">\n\t\t\t\t\t<div class=\"overlay\"><\/div>\n\t\t\t\t\t<div class=\"overlay border\"><\/div>\n\t\t\t\t\t<div class=\"overlay hoekje\"><\/div>\n\n\t\t\t\t<\/div>\n\n\t\t\t[vc_empty_space][vc_column_text]<\/p>\n<h3 style=\"text-align: center;\">Relaxation infinie<\/h3>\n<p>[\/vc_column_text][vc_empty_space height=\u00a0\u00bb16&Prime;][vc_column_text]<\/p>\n<p style=\"text-align: center;\">Twinstone Lodge est con\u00e7u afin de rendre votre s\u00e9jour le plus aggr\u00e9able possible. Dans la salle de d\u00e9tente, accesible par les deux modules du logement, se trouvent, entre autres, un sauna et une bain de vapeur.<\/p>\n<p>[\/vc_column_text][\/vc_column_inner][\/vc_row_inner][vc_empty_space height=\u00a0\u00bb100&Prime;][\/vc_column][\/vc_row][vc_row equal_height=\u00a0\u00bbyes\u00a0\u00bb content_placement=\u00a0\u00bbmiddle\u00a0\u00bb sbxs_bg_class=\u00a0\u00bbbg-light\u00a0\u00bb sbxs_headings_class=\u00a0\u00bbheadings-dark\u00a0\u00bb sbxs_text_class=\u00a0\u00bbtext-dark\u00a0\u00bb][vc_column width=\u00a0\u00bb1\/2&Prime; css=\u00a0\u00bb.vc_custom_1523273977181{padding-top: 40px !important;padding-right: 40px !important;padding-bottom: 40px !important;padding-left: 40px !important;}\u00a0\u00bb][vc_empty_space height=\u00a0\u00bb75&Prime;][vc_column_text el_class=\u00a0\u00bbstyled-title-center\u00a0\u00bb]<\/p>\n<h2 style=\"text-align: center;\">Des circuits \u00e0 v\u00e9lo\/Des circuits au cheval<\/h2>\n<p>[\/vc_column_text][vc_empty_space height=\u00a0\u00bb20&Prime;][vc_column_text]<\/p>\n<p style=\"text-align: center;\">Dans le poument vert de Limbourg et au bord du premier parc national de Flandres se situe la porte d\u2019acc\u00e9s \u2018Kattevennen\u2019. Kattevennen est l\u2019endroit par excellence de faire du v\u00e9lo. Plusieures it\u00edn\u00e9raires peuvent s\u2019\u00e9ffectuer sur le propre domaine, mais le domaine donne \u00e9galement acc\u00e8s au c\u00e9l\u00e8bre r\u00e9seau de circuits \u00e0 v\u00e9lo de Flandres.<\/p>\n<p style=\"text-align: center;\">Gr\u00e2ce au r\u00e9sau des circuits \u00e0 v\u00e9lo et\/ou au cheval, vous pouvez d\u00e9couvrir les lieux les plus beaux du parc national.<\/p>\n<p>[\/vc_column_text][vc_empty_space height=\u00a0\u00bb75&Prime;][\/vc_column][vc_column width=\u00a0\u00bb1\/2&Prime; css=\u00a0\u00bb.vc_custom_1524476536269{background-image: url(https:\/\/www.twinstone.be\/wp-content\/uploads\/paardenroute.png?id=2069) !important;background-position: center !important;background-repeat: no-repeat !important;background-size: cover !important;}\u00a0\u00bb][vc_empty_space height=\u00a0\u00bb175&Prime;][\/vc_column][\/vc_row][vc_row sbxs_bg_class=\u00a0\u00bbbg-white\u00a0\u00bb sbxs_headings_class=\u00a0\u00bbheadings-dark\u00a0\u00bb sbxs_text_class=\u00a0\u00bbtext-dark\u00a0\u00bb][vc_column][vc_empty_space height=\u00a0\u00bb75&Prime;][vc_column_text el_class=\u00a0\u00bbstyled-title-center\u00a0\u00bb]<\/p>\n<h2 style=\"text-align: center;\"><span lang=\"FR\">D\u00e9couvrez Twinstone Lodge ici<\/span><\/h2>\n<p>[\/vc_column_text][vc_column_text el_class=\u00a0\u00bbstyled-subtext\u00a0\u00bb]<\/p>\n<p style=\"text-align: center;\">\u201dAdventure Awaits, Go find it.\u201d<\/p>\n<p>[\/vc_column_text][vc_empty_space height=\u00a0\u00bb50&Prime;]\t\t\t\t\n\t\t\t\t<!-- Modal -->\n\t\t\t\t<div id=\"twinvideo\" class=\"modal fade\" role=\"dialog\">\n\t\t\t\t  <div class=\"modal-dialog\">\n\t\t\t\t\n\t\t\t\t    <!-- Modal content-->\n\t\t\t\t    <div class=\"modal-content\">\n\t\t\t\t\t    \n\t\t\t\t      <div class=\"modal-header\">\n\t\t\t\t        <button type=\"button\" class=\"close\" data-dismiss=\"modal\">&times;<\/button>\n\t\t\t\t      <\/div>\n\t\t\t\t      \n\t\t\t\t      <div class=\"modal-body\">\n\t\t\t\t      \t<video id=\"twinvideoel\" controls src=\"https:\/\/www.twinstone.be\/wp-content\/uploads\/twinstone-lodge-video.mp4\"><\/video>\n\t\t\t\t      <\/div>\n\t\t\t\t      \n\t\t\t\t    <\/div>\n\t\t\t\t\n\t\t\t\t  <\/div>\n\t\t\t\t<\/div>\n\n\n\t\t\t\t<script>\n\t\t\t\tjQuery(document).ready(function($) {\n\t\t\t\t\tjQuery('.opentwinvideo').click(function(e) {\n\t\t\t\t\t\te.preventDefault();\n\t\t\t\t\t\tjQuery(\"#twinvideo\").modal();\n\t\t\t\t\t\t\n\t\t\t\t\t\tif (jQuery(\"#twinvideoel\").get(0).paused) {\n\t\t\t\t\t\t       jQuery(\"#twinvideoel\").get(0).play();\n\t\t\t\t\t\t   } else {\n\t\t\t\t\t\t       jQuery(\"#twinvideoel\").get(0).pause();\n\t\t\t\t\t\t  }\n  \n\t\t\t\t\t});\n\t\t\t\t\n\t\t\t\t\tjQuery('#twinvideo').on('hidden.bs.modal', function () {\n\t\t\t\t\t  jQuery(\"#twinvideoel\").get(0).pause();\n\t\t\t\t\t});\n\t\t\t\t});\n\t\t\t\t<\/script>\n\n\t\t\t\n\t\t\t\t<div class=\"homepage-masonry\">\n\t\t\t\t\t\n\t\t\t\t\t<div class=\"col-lg-3 col-md-3 col-sm-3 col-xs-3 grid-sizer\"><\/div>\n\t\t\t\t\t\n\t\t\t\t\t\n\n\n\t\t\t\t\t<div class=\"col-lg-6 col-md-6 col-sm-6 col-xs-12 masonry-item double-height\">\n\t\t\t\t\t\t<div class=\"inner\" style=\"background-image: url(https:\/\/www.twinstone.be\/wp-content\/uploads\/video-bg.png);\">\n\t\t\t\t\t\t\t<a class=\"link opentwinvideo\" href=\"#\">\n\t\t\t\t\t\t\t\t<div class=\"caption\">\n\t\t\t\t\t\t\t\t\t<!--\n\t\t\t\t\t\t\t\t\t<h3>Bekijk het fotoalbum<\/h3>\n\t\t\t\t\t\t\t\t\t<h4>Een interieur om van te genieten<\/h4>\n\t\t\t\t\t\t\t\t\t-->\n\t\t\t\t\t\t\t\t\t<i class=\"fa fa-play\"><\/i>\n\n\t\t\t\t\t\t\t\t<\/div>\n\t\t\t\t\t\t\t<\/a>\n\t\t\t\t\t\t<\/div>\n\t\t\t\t\t<\/div>\n\t\t\t\t\t\n\t\t\t\t\t\n\t\t\t\t\t\n\t\t\t\t\t\n\t\t\t\t\t<!--\n\t\t\t\t\t<div class=\"col-lg-6 masonry-item double-height\">\n\t\t\t\t\t\t<div class=\"inner\" style=\"background-image: url(https:\/\/www.twinstone.be\/wp-content\/uploads\/shutterstock-366653684.jpg);\">\n\t\t\t\t\t\t\t<a class=\"link\" href=\"http:\/\/twin.sbxs.io\/fotoalbum\/\">\n\t\t\t\t\t\t\t\t<div class=\"caption\">\n\t\t\t\t\t\t\t\t\t<h3>Bekijk het fotoalbum<\/h3>\n\t\t\t\t\t\t\t\t\t<h4>Een interieur om van te genieten<\/h4>\n\t\t\t\t\t\t\t\t<\/div>\n\t\t\t\t\t\t\t<\/a>\n\t\t\t\t\t\t<\/div>\n\t\t\t\t\t<\/div>\n\t\t\t\t\t-->\n\t\t\t\t\t\n\t\t\t\t\t<div class=\"col-lg-3 col-md-3 col-sm-6 col-xs-12 masonry-item\">\n\t\t\t\t\t\t<div class=\"inner\" style=\"background-image: url(https:\/\/www.twinstone.be\/wp-content\/uploads\/kattevennen.png);\">\n\t\t\t\t\t\t\t\t\t\t\t\t\t\t<a class=\"link\" href=\"https:\/\/www.twinstone.be\/fr\/kattevennen\/\">\n\t\t\t\t\t\t\t\t<div class=\"caption\">\n\t\t\t\t\t\t\t\t\t<h3>Kattevennen<\/h3>\n\t\t\t\t\t\t\t\t\t<h4>D\u00e9couvrez la r\u00e9gion<\/h4>\n\t\t\t\t\t\t\t\t<\/div>\n\t\t\t\t\t\t\t<\/a>\n\t\t\t\t\t\t<\/div>\n\t\t\t\t\t<\/div>\n\t\t\t\t\t\t\t\t\n\t\t\t\t\t<div class=\"col-lg-3 col-md-3 col-sm-6 col-xs-12 masonry-item\">\n\t\t\t\t\t\t<div class=\"inner\" style=\"background-image: url(https:\/\/www.twinstone.be\/wp-content\/uploads\/54110259.png);\">\n\t\t\t\t\t\t\t\t\t\t\t\t\t\t<a class=\"link\" href=\"https:\/\/www.twinstone.be\/fr\/logement-de-vacances\/\">\n\t\t\t\t\t\t\t\t<div class=\"caption\">\n\t\t\t\t\t\t\t\t\t<h3>Logement de vancances<\/h3>\n\t\t\t\t\t\t\t\t\t<h4>Facilit\u00e9s et informations pratiques<\/h4>\n\t\t\t\t\t\t\t\t<\/div>\n\t\t\t\t\t\t\t<\/a>\n\t\t\t\t\t\t<\/div>\n\t\t\t\t\t<\/div>\n\t\t\t\t\t\n\t\t\t\t\t<!--\n\t\t\t\t\t<div class=\"col-lg-6 masonry-item\">\n\t\t\t\t\t\t<div class=\"inner\" style=\"background-image: url(https:\/\/www.twinstone.be\/wp-content\/uploads\/shutterstock-383121376.png);\">\n\t\t\t\t\t\t\t<a class=\"link\" href=\"http:\/\/twin.sbxs.io\/reservatie\/\">\n\t\t\t\t\t\t\t\t<div class=\"caption\">\n\t\t\t\t\t\t\t\t\t<h3>Reservatie<\/h3>\n\t\t\t\t\t\t\t\t\t<h4>Bekijk snel de beschikbare periode om te boeken<\/h4>\n\t\t\t\t\t\t\t\t<\/div>\n\t\t\t\t\t\t\t<\/a>\n\t\t\t\t\t\t<\/div>\n\t\t\t\t\t<\/div>\n\t\t\t\t\t-->\n\t\t\t\t\n\t\t\t\t\n\n\t\t\t\t\n\t\t\t\t\t<div class=\"col-lg-3 col-md-3 col-sm-6 col-xs-12 masonry-item\">\n\t\t\t\t\t\t<div class=\"inner\" style=\"background-image: url(https:\/\/www.twinstone.be\/wp-content\/uploads\/54110259.png);\">\n\t\t\t\t\t\t\t\t\t\t\t\t\t\t<a class=\"link\" href=\"https:\/\/www.twinstone.be\/fr\/galerie\/\">\n\t\t\t\t\t\t\t\t<div class=\"caption\">\n\t\t\t\t\t\t\t\t\t<h3>Gal\u00e9rie<\/h3>\n\t\t\t\t\t\t\t\t\t<h4>D\u00e9couvrez Twinstone Lodge<\/h4>\n\t\t\t\t\t\t\t\t<\/div>\n\t\t\t\t\t\t\t<\/a>\n\t\t\t\t\t\t<\/div>\n\t\t\t\t\t<\/div>\n\t\t\t\t\t\t\t\t\n\t\t\t\t\t<div class=\"col-lg-3 col-md-3 col-sm-6 col-xs-12 masonry-item\">\n\t\t\t\t\t\t<div class=\"inner\" style=\"background-image: url(https:\/\/www.twinstone.be\/wp-content\/uploads\/kattevennen.png);\">\n\t\t\t\t\t\t\t\t\t\t\t\t\t\t<a class=\"link\" href=\"https:\/\/www.twinstone.be\/fr\/contact\/\">\n\t\t\t\t\t\t\t\t<div class=\"caption\">\n\t\t\t\t\t\t\t\t\t<h3>Contact<\/h3>\n\t\t\t\t\t\t\t\t\t<h4>Contactez-nous, facile- et rapidament<\/h4>\n\t\t\t\t\t\t\t\t<\/div>\n\t\t\t\t\t\t\t<\/a>\n\t\t\t\t\t\t<\/div>\n\t\t\t\t\t<\/div>\n\t\t\t\t\t\n\t\t\t\t\t\n\t\t\t\t\t\n\t\t\t\t\t\n\t\t\t\t<\/div>\n\t\t\t\t\n\t\t\t\t\n\t\t\t[vc_empty_space height=\u00a0\u00bb50&Prime;][\/vc_column][\/vc_row][vc_row equal_height=\u00a0\u00bbyes\u00a0\u00bb content_placement=\u00a0\u00bbmiddle\u00a0\u00bb sbxs_bg_class=\u00a0\u00bbbg-light\u00a0\u00bb sbxs_headings_class=\u00a0\u00bbheadings-dark\u00a0\u00bb sbxs_text_class=\u00a0\u00bbtext-dark\u00a0\u00bb][vc_column width=\u00a0\u00bb1\/2&Prime; css=\u00a0\u00bb.vc_custom_1523273977181{padding-top: 40px !important;padding-right: 40px !important;padding-bottom: 40px !important;padding-left: 40px !important;}\u00a0\u00bb][vc_column_text el_class=\u00a0\u00bbstyled-title\u00a0\u00bb]<\/p>\n<h2 style=\"text-align: center;\">Une itin\u00e9raire parfaite<\/h2>\n<p>[\/vc_column_text][vc_empty_space height=\u00a0\u00bb20&Prime;][vc_column_text el_class=\u00a0\u00bbstyled-title\u00a0\u00bb]<\/p>\n<p style=\"text-align: center;\">Twinstone Lodge &#8211; Kattevennen &#8211; 3600 Genk &#8211; Belgi\u00eb<br \/>\nA partir du carrefour \u00e0 la hauteur de l\u2019h\u00f4pital de Oost-Limburg (ZOL), suivez la signalisation \u2018Kattevennen\u2019. Sur le propre domaine, suivez la signalisation \u2018Twinstone Lodge\u2019.<\/p>\n<p style=\"text-align: center;\">Pour plus d\u2019informations, vous pouvez nous contacter par e-mail: info@twinstone.be<br \/>\n\u00c9galement, vous pouvez nous appeler au n\u00famero de t\u00e9l\u00e9phone suivant: (+32) 475813678<\/p>\n<p>[\/vc_column_text][vc_empty_space height=\u00a0\u00bb60&Prime;][\/vc_column][vc_column width=\u00a0\u00bb1\/2&Prime; css=\u00a0\u00bb.vc_custom_1524232720714{padding-top: 0px !important;padding-right: 0px !important;padding-bottom: 0px !important;padding-left: 0px !important;background-position: center !important;background-repeat: no-repeat !important;background-size: cover !important;}\u00a0\u00bb]\t\t\t\n\t\t\t\t\t\t\t\n<iframe loading=\"lazy\" width=\"100%\" height=\"600\" frameborder=\"0\" style=\"border:0\" src=\"https:\/\/www.google.com\/maps\/embed\/v1\/place?q=place_id:ChIJjZdLlbHewEcRaqVJZHsXeGs&amp;key=AIzaSyAqMl5tXe0KVXTwzAgHgGysTTtdvjx--Y0\" allowfullscreen><\/iframe>\n\t\t\t\t    \n\t\t\t[\/vc_column][\/vc_row][vc_row equal_height=\u00a0\u00bbyes\u00a0\u00bb content_placement=\u00a0\u00bbmiddle\u00a0\u00bb sbxs_bg_class=\u00a0\u00bbbg-primary\u00a0\u00bb sbxs_headings_class=\u00a0\u00bbheadings-white\u00a0\u00bb sbxs_text_class=\u00a0\u00bbtext-white\u00a0\u00bb][vc_column css=\u00a0\u00bb.vc_custom_1523273977181{padding-top: 40px !important;padding-right: 40px !important;padding-bottom: 40px !important;padding-left: 40px !important;}\u00a0\u00bb][vc_empty_space height=\u00a0\u00bb60&Prime;][vc_column_text]<\/p>\n<h3 style=\"text-align: center;\">Twinstone Lodge<\/h3>\n<p>[\/vc_column_text][vc_empty_space height=\u00a0\u00bb16&Prime;][vc_column_text]<\/p>\n<p style=\"text-align: center;\">\u00ab\u00a0the perfect place to be, is exactly where you are right now\u00a0\u00bb<\/p>\n<p>[\/vc_column_text][vc_empty_space height=\u00a0\u00bb60&Prime;][\/vc_column][\/vc_row]<\/p>\n","protected":false},"excerpt":{"rendered":"<p>[vc_row css=\u00a0\u00bb.vc_custom_1522851111673{background-image: url(https:\/\/www.twinstone.be\/wp-content\/uploads\/56369609.jpg?id=1986) !important;background-position: center !important;background-repeat: no-repeat !important;background-size: cover !important;}\u00a0\u00bb][vc_column css=\u00a0\u00bb.vc_custom_1524421615013{padding-right: 0px !important;padding-bottom: 0px !important;padding-left: 0px !important;background-color: rgba(255,255,255,0.15) !important;*background-color: rgb(255,255,255) !important;}\u00a0\u00bb][vc_empty_space height=\u00a0\u00bb370&Prime;][\/vc_column][\/vc_row][vc_row sbxs_bg_class=\u00a0\u00bbbg-white\u00a0\u00bb sbxs_headings_class=\u00a0\u00bbheadings-dark\u00a0\u00bb sbxs_text_class=\u00a0\u00bbtext-dark\u00a0\u00bb][vc_column][vc_empty_space height=\u00a0\u00bb75&Prime;][vc_column_text el_class=\u00a0\u00bbstyled-title-center\u00a0\u00bb] D\u00e9couvrez Twinstone Lodge ici [\/vc_column_text][vc_column_text el_class=\u00a0\u00bbstyled-subtext\u00a0\u00bb] \u201cSometimes the most productive thing you can do is relax.\u201d [\/vc_column_text][vc_empty_space height=\u00a0\u00bb50&Prime;][vc_row_inner el_class=\u00a0\u00bbrow-cards\u00a0\u00bb css=\u00a0\u00bb.vc_custom_1524473009442{padding-right: 32px !important;padding-left: 32px !important;}\u00a0\u00bb][vc_column_inner width=\u00a0\u00bb1\/3&Prime; css=\u00a0\u00bb.vc_custom_1524472945378{padding-right: 16px !important;padding-left:<\/p>\n","protected":false},"author":1,"featured_media":0,"parent":0,"menu_order":0,"comment_status":"closed","ping_status":"closed","template":"","meta":{"_acf_changed":false,"footnotes":""},"class_list":["post-2274","page","type-page","status-publish","hentry"],"acf":[],"_links":{"self":[{"href":"https:\/\/www.twinstone.be\/fr\/wp-json\/wp\/v2\/pages\/2274","targetHints":{"allow":["GET"]}}],"collection":[{"href":"https:\/\/www.twinstone.be\/fr\/wp-json\/wp\/v2\/pages"}],"about":[{"href":"https:\/\/www.twinstone.be\/fr\/wp-json\/wp\/v2\/types\/page"}],"author":[{"embeddable":true,"href":"https:\/\/www.twinstone.be\/fr\/wp-json\/wp\/v2\/users\/1"}],"replies":[{"embeddable":true,"href":"https:\/\/www.twinstone.be\/fr\/wp-json\/wp\/v2\/comments?post=2274"}],"version-history":[{"count":13,"href":"https:\/\/www.twinstone.be\/fr\/wp-json\/wp\/v2\/pages\/2274\/revisions"}],"predecessor-version":[{"id":2998,"href":"https:\/\/www.twinstone.be\/fr\/wp-json\/wp\/v2\/pages\/2274\/revisions\/2998"}],"wp:attachment":[{"href":"https:\/\/www.twinstone.be\/fr\/wp-json\/wp\/v2\/media?parent=2274"}],"curies":[{"name":"wp","href":"https:\/\/api.w.org\/{rel}","templated":true}]}}