{"id":2247,"date":"2018-04-23T23:12:02","date_gmt":"2018-04-23T21:12:02","guid":{"rendered":"https:\/\/www.twinstone.be\/?page_id=2247"},"modified":"2025-05-24T15:12:12","modified_gmt":"2025-05-24T13:12:12","slug":"logement-de-vacances","status":"publish","type":"page","link":"https:\/\/www.twinstone.be\/fr\/logement-de-vacances\/","title":{"rendered":"Logement de vacances"},"content":{"rendered":"<p>[vc_row css=\u00a0\u00bb.vc_custom_1522851111673{background-image: url(https:\/\/www.twinstone.be\/wp-content\/uploads\/56369609.jpg?id=1986) !important;background-position: center !important;background-repeat: no-repeat !important;background-size: cover !important;}\u00a0\u00bb][vc_column css=\u00a0\u00bb.vc_custom_1524421615013{padding-right: 0px !important;padding-bottom: 0px !important;padding-left: 0px !important;background-color: rgba(255,255,255,0.15) !important;*background-color: rgb(255,255,255) !important;}\u00a0\u00bb][vc_empty_space height=\u00a0\u00bb370&Prime;]\t\t\t<div class=\"boeking-formulier\" id=\"book\">\n\t\t\t\t<button type=\"button\" class=\"btnCheckAvail mytourist-open-modal\">R\u00e9server maintenant<\/button>\n\t\t\t\t<div class=\"clearfix\"><\/div>\n\t\t\t<\/div>\n\t\t[\/vc_column][\/vc_row][vc_row sbxs_bg_class=\u00a0\u00bbbg-white\u00a0\u00bb css=\u00a0\u00bb.vc_custom_1524486887282{padding-top: 40px !important;padding-bottom: 40px !important;}\u00a0\u00bb][vc_column][vc_empty_space height=\u00a0\u00bb75&Prime;][vc_column_text el_class=\u00a0\u00bbstyled-title-center\u00a0\u00bb]<\/p>\n<h2 style=\"text-align: center;\">Logement de vacances<\/h2>\n<p>[\/vc_column_text][vc_empty_space height=\u00a0\u00bb20&Prime;][\/vc_column][\/vc_row][vc_row sbxs_bg_class=\u00a0\u00bbbg-white\u00a0\u00bb css=\u00a0\u00bb.vc_custom_1524487718842{padding-top: 40px !important;padding-right: 40px !important;padding-bottom: 40px !important;padding-left: 40px !important;}\u00a0\u00bb][vc_column width=\u00a0\u00bb1\/2&Prime;][vc_column_text]<\/p>\n<h3>Blackstone (16 personnes)<\/h3>\n<p>[\/vc_column_text][vc_empty_space height=\u00a0\u00bb20&Prime;][vc_column_text]constitue de 6 chambres \u00e0 coucher, une salle de s\u00e9jour spacieuse avec une terrasse. La salle de s\u00e9jour est \u00e8quip\u00e9e d\u2019un r\u00e9troprojecteur et d\u2019un \u00e9cran en y pouvant organiser des r\u00e9unions, des spectacles ou des s\u00e9minaires. La cuisine est dot\u00e9e des appareils semi-professionels qui permet de pr\u00e9parer des repas pour 28 personnes.[\/vc_column_text][vc_column_text]<\/p>\n<h4>DISTRIBUTION<\/h4>\n<p>[\/vc_column_text][vc_column_text]<\/p>\n<table>\n<tbody>\n<tr>\n<td>SALLE DE SEJOUR<\/td>\n<td>\n<ul>\n<li>&#8211; TV<\/li>\n<li>&#8211; r\u00e9troprojecteur<\/li>\n<li>&#8211; \u00e9cran de r\u00e9union<\/li>\n<\/ul>\n<\/td>\n<\/tr>\n<tr>\n<td>CUISINE<\/td>\n<td>\n<ul>\n<li>&#8211; four\/table de cuisson<\/li>\n<li>&#8211; r\u00e9frig\u00e9rateur\/surg\u00e9lateur<\/li>\n<li>&#8211; micro-ondes<\/li>\n<li>&#8211; lave-vaisselle<\/li>\n<\/ul>\n<\/td>\n<\/tr>\n<tr>\n<td>D\u00c9BARRAS<\/td>\n<td>\n<ul>\n<li>&#8211; s\u00e9choir<\/li>\n<li>&#8211; machine \u00e0 laver<\/li>\n<\/ul>\n<\/td>\n<\/tr>\n<tr>\n<td>CHAMBRES<\/td>\n<td>\n<ul>\n<li>&#8211; Chambre 1: chambre double<\/li>\n<li>&#8211; Chambre 2: chambre double<\/li>\n<li>&#8211; Chambre 3: chambre double avec salle de bain<\/li>\n<li>&#8211; Chambre 4: chambre double<\/li>\n<li>&#8211; Chambre 5: chambre de 4 personnes avec deux lits superpos\u00e9s<\/li>\n<li>&#8211; Chambre 6: chambre de 4 personnes avec un lit superpos\u00e9, un lit double et une salle de bains\u00a0 adjointe.<\/li>\n<li>&#8211; deux salles de bains s\u00e9par\u00e9es dont une est accesible aux moins-valides.<\/li>\n<\/ul>\n<\/td>\n<\/tr>\n<\/tbody>\n<\/table>\n<p>[\/vc_column_text][\/vc_column][vc_column width=\u00a0\u00bb1\/2&Prime;][vc_single_image image=\u00a0\u00bb2174&Prime; img_size=\u00a0\u00bb400&#215;600&Prime; alignment=\u00a0\u00bbcenter\u00a0\u00bb style=\u00a0\u00bbvc_box_rounded\u00a0\u00bb][\/vc_column][\/vc_row][vc_row sbxs_bg_class=\u00a0\u00bbbg-white\u00a0\u00bb][vc_column][vc_separator color=\u00a0\u00bbcustom\u00a0\u00bb border_width=\u00a0\u00bb2&Prime; el_width=\u00a0\u00bb70&Prime; accent_color=\u00a0\u00bb#849a83&Prime; css=\u00a0\u00bb.vc_custom_1524488260125{padding-top: 40px !important;padding-bottom: 40px !important;}\u00a0\u00bb][\/vc_column][\/vc_row][vc_row sbxs_bg_class=\u00a0\u00bbbg-white\u00a0\u00bb css=\u00a0\u00bb.vc_custom_1524486986011{padding-top: 40px !important;padding-right: 40px !important;padding-bottom: 40px !important;padding-left: 40px !important;}\u00a0\u00bb][vc_column width=\u00a0\u00bb1\/2&Prime;][vc_single_image image=\u00a0\u00bb2176&Prime; img_size=\u00a0\u00bb400&#215;600&Prime; alignment=\u00a0\u00bbcenter\u00a0\u00bb style=\u00a0\u00bbvc_box_rounded\u00a0\u00bb][\/vc_column][vc_column width=\u00a0\u00bb1\/2&Prime;][vc_column_text]<\/p>\n<h3>Whitestone (12 personnes)<\/h3>\n<p>[\/vc_column_text][vc_empty_space height=\u00a0\u00bb20&Prime;][vc_column_text]La seconde division dispose de 4 chambres \u00e0 coucher.<br \/>\nLa salle de s\u00e9jour et la cuisine constituent un ensemble qui donne acc\u00e8s \u00e0 la terrasse.[\/vc_column_text][vc_column_text]<\/p>\n<h4>DISTRIBUTION<\/h4>\n<p>[\/vc_column_text][vc_column_text]<\/p>\n<table>\n<tbody>\n<tr>\n<td>SALLE DE SEJOUR<\/td>\n<td>\n<ul>\n<li>&#8211; TV<\/li>\n<\/ul>\n<\/td>\n<\/tr>\n<tr>\n<td>CUISINE<\/td>\n<td>\n<ul>\n<li>&#8211; four\/table de cuisson<\/li>\n<li>&#8211; r\u00e9frig\u00e9rateur\/surg\u00e9lateur<\/li>\n<li>&#8211; micro-ondes<\/li>\n<li>&#8211; lave-vaisselle<\/li>\n<\/ul>\n<\/td>\n<\/tr>\n<tr>\n<td>D\u00c9BARRAS<\/td>\n<td>\n<ul>\n<li>&#8211; s\u00e9choir<\/li>\n<li>&#8211; machine \u00e0 laver<\/li>\n<\/ul>\n<\/td>\n<\/tr>\n<tr>\n<td>CHAMBRES<\/td>\n<td>\n<ul>\n<li>&#8211; Chambre 1: chambre double<\/li>\n<li>&#8211; Chambre 2: chambre double<\/li>\n<li>&#8211; Chambre 3 : chambre de 4 personnes avec un lit superpos\u00e9 et un grand lit double<\/li>\n<li>&#8211; Chambre 4: chambre de 4 personnes avec un lit superpos\u00e9, un lit double et une salle de bains adjointe.<\/li>\n<li>-deux salles de bains s\u00e9par\u00e9es dont une est accesible aux moins-valides.<\/li>\n<\/ul>\n<\/td>\n<\/tr>\n<\/tbody>\n<\/table>\n<p>[\/vc_column_text][\/vc_column][\/vc_row][vc_row sbxs_bg_class=\u00a0\u00bbbg-white\u00a0\u00bb][vc_column][vc_separator color=\u00a0\u00bbcustom\u00a0\u00bb border_width=\u00a0\u00bb2&Prime; el_width=\u00a0\u00bb70&Prime; accent_color=\u00a0\u00bb#849a83&Prime; css=\u00a0\u00bb.vc_custom_1524488260125{padding-top: 40px !important;padding-bottom: 40px !important;}\u00a0\u00bb][\/vc_column][\/vc_row][vc_row sbxs_bg_class=\u00a0\u00bbbg-white\u00a0\u00bb css=\u00a0\u00bb.vc_custom_1524515935357{padding-top: 40px !important;padding-right: 40px !important;padding-bottom: 40px !important;padding-left: 40px !important;}\u00a0\u00bb el_class=\u00a0\u00bbshadow-row\u00a0\u00bb][vc_column][vc_column_text]<\/p>\n<h3 style=\"text-align: center;\">ZONE COMMUNALE<\/h3>\n<p>[\/vc_column_text][vc_empty_space height=\u00a0\u00bb20&Prime;][vc_column_text]<\/p>\n<p style=\"text-align: center;\">Les deux salles de s\u00e9jour peuvent se lier d\u2019une fa\u00e7on tr\u00e8s simple.<br \/>\nL\u2019entr\u00e9e centrale donne acc\u00e8s \u00e0 la salle de d\u00e9tente \u00e9quip\u00e9e d\u2019un sauna et d\u2019un bain de vapeur qui vous donnent la possibilit\u00e9 de se relaxer compl\u00e8tement.<br \/>\nL\u2019\u00e9tablissement est accesible aux utilisateurs de fauteuils roulants.<br \/>\nAnimaux familiers ne sont pas admis<\/p>\n<p>[\/vc_column_text][vc_empty_space height=\u00a0\u00bb20&Prime;][vc_column_text]<\/p>\n<p style=\"text-align: center;\">Service de location de linge de maison (linge de lit et serviettes) disponible dans l\u2019\u00e9tablissement.<\/p>\n<p>[\/vc_column_text][\/vc_column][\/vc_row][vc_row sbxs_bg_class=\u00a0\u00bbbg-white\u00a0\u00bb sbxs_headings_class=\u00a0\u00bbheadings-dark\u00a0\u00bb sbxs_text_class=\u00a0\u00bbtext-dark\u00a0\u00bb][vc_column][vc_empty_space height=\u00a0\u00bb75&Prime;][vc_column_text el_class=\u00a0\u00bbstyled-title-center\u00a0\u00bb]<\/p>\n<h2 style=\"text-align: center;\">D\u00e9couvrez Twinstone Lodge ici<\/h2>\n<p>[\/vc_column_text][vc_column_text el_class=\u00a0\u00bbstyled-subtext\u00a0\u00bb]<\/p>\n<p style=\"text-align: center;\">\u201dAdventure Awaits, Go find it.\u201d<\/p>\n<p>[\/vc_column_text][vc_empty_space height=\u00a0\u00bb50&Prime;]\t\t\t\t\n\t\t\t\t<!-- Modal -->\n\t\t\t\t<div id=\"twinvideo\" class=\"modal fade\" role=\"dialog\">\n\t\t\t\t  <div class=\"modal-dialog\">\n\t\t\t\t\n\t\t\t\t    <!-- Modal content-->\n\t\t\t\t    <div class=\"modal-content\">\n\t\t\t\t\t    \n\t\t\t\t      <div class=\"modal-header\">\n\t\t\t\t        <button type=\"button\" class=\"close\" data-dismiss=\"modal\">&times;<\/button>\n\t\t\t\t      <\/div>\n\t\t\t\t      \n\t\t\t\t      <div class=\"modal-body\">\n\t\t\t\t      \t<video id=\"twinvideoel\" controls src=\"https:\/\/www.twinstone.be\/wp-content\/uploads\/twinstone-lodge-video.mp4\"><\/video>\n\t\t\t\t      <\/div>\n\t\t\t\t      \n\t\t\t\t    <\/div>\n\t\t\t\t\n\t\t\t\t  <\/div>\n\t\t\t\t<\/div>\n\n\n\t\t\t\t<script>\n\t\t\t\tjQuery(document).ready(function($) {\n\t\t\t\t\tjQuery('.opentwinvideo').click(function(e) {\n\t\t\t\t\t\te.preventDefault();\n\t\t\t\t\t\tjQuery(\"#twinvideo\").modal();\n\t\t\t\t\t\t\n\t\t\t\t\t\tif (jQuery(\"#twinvideoel\").get(0).paused) {\n\t\t\t\t\t\t       jQuery(\"#twinvideoel\").get(0).play();\n\t\t\t\t\t\t   } else {\n\t\t\t\t\t\t       jQuery(\"#twinvideoel\").get(0).pause();\n\t\t\t\t\t\t  }\n  \n\t\t\t\t\t});\n\t\t\t\t\n\t\t\t\t\tjQuery('#twinvideo').on('hidden.bs.modal', function () {\n\t\t\t\t\t  jQuery(\"#twinvideoel\").get(0).pause();\n\t\t\t\t\t});\n\t\t\t\t});\n\t\t\t\t<\/script>\n\n\t\t\t\n\t\t\t\t<div class=\"homepage-masonry\">\n\t\t\t\t\t\n\t\t\t\t\t<div class=\"col-lg-3 col-md-3 col-sm-3 col-xs-3 grid-sizer\"><\/div>\n\t\t\t\t\t\n\t\t\t\t\t\n\n\n\t\t\t\t\t<div class=\"col-lg-6 col-md-6 col-sm-6 col-xs-12 masonry-item double-height\">\n\t\t\t\t\t\t<div class=\"inner\" style=\"background-image: url(https:\/\/www.twinstone.be\/wp-content\/uploads\/video-bg.png);\">\n\t\t\t\t\t\t\t<a class=\"link opentwinvideo\" href=\"#\">\n\t\t\t\t\t\t\t\t<div class=\"caption\">\n\t\t\t\t\t\t\t\t\t<!--\n\t\t\t\t\t\t\t\t\t<h3>Bekijk het fotoalbum<\/h3>\n\t\t\t\t\t\t\t\t\t<h4>Een interieur om van te genieten<\/h4>\n\t\t\t\t\t\t\t\t\t-->\n\t\t\t\t\t\t\t\t\t<i class=\"fa fa-play\"><\/i>\n\n\t\t\t\t\t\t\t\t<\/div>\n\t\t\t\t\t\t\t<\/a>\n\t\t\t\t\t\t<\/div>\n\t\t\t\t\t<\/div>\n\t\t\t\t\t\n\t\t\t\t\t\n\t\t\t\t\t\n\t\t\t\t\t\n\t\t\t\t\t<!--\n\t\t\t\t\t<div class=\"col-lg-6 masonry-item double-height\">\n\t\t\t\t\t\t<div class=\"inner\" style=\"background-image: url(https:\/\/www.twinstone.be\/wp-content\/uploads\/shutterstock-366653684.jpg);\">\n\t\t\t\t\t\t\t<a class=\"link\" href=\"http:\/\/twin.sbxs.io\/fotoalbum\/\">\n\t\t\t\t\t\t\t\t<div class=\"caption\">\n\t\t\t\t\t\t\t\t\t<h3>Bekijk het fotoalbum<\/h3>\n\t\t\t\t\t\t\t\t\t<h4>Een interieur om van te genieten<\/h4>\n\t\t\t\t\t\t\t\t<\/div>\n\t\t\t\t\t\t\t<\/a>\n\t\t\t\t\t\t<\/div>\n\t\t\t\t\t<\/div>\n\t\t\t\t\t-->\n\t\t\t\t\t\n\t\t\t\t\t<div class=\"col-lg-3 col-md-3 col-sm-6 col-xs-12 masonry-item\">\n\t\t\t\t\t\t<div class=\"inner\" style=\"background-image: url(https:\/\/www.twinstone.be\/wp-content\/uploads\/kattevennen.png);\">\n\t\t\t\t\t\t\t\t\t\t\t\t\t\t<a class=\"link\" href=\"https:\/\/www.twinstone.be\/fr\/kattevennen\/\">\n\t\t\t\t\t\t\t\t<div class=\"caption\">\n\t\t\t\t\t\t\t\t\t<h3>Kattevennen<\/h3>\n\t\t\t\t\t\t\t\t\t<h4>D\u00e9couvrez la r\u00e9gion<\/h4>\n\t\t\t\t\t\t\t\t<\/div>\n\t\t\t\t\t\t\t<\/a>\n\t\t\t\t\t\t<\/div>\n\t\t\t\t\t<\/div>\n\t\t\t\t\t\t\t\t\n\t\t\t\t\t<div class=\"col-lg-3 col-md-3 col-sm-6 col-xs-12 masonry-item\">\n\t\t\t\t\t\t<div class=\"inner\" style=\"background-image: url(https:\/\/www.twinstone.be\/wp-content\/uploads\/54110259.png);\">\n\t\t\t\t\t\t\t\t\t\t\t\t\t\t<a class=\"link\" href=\"https:\/\/www.twinstone.be\/fr\/logement-de-vacances\/\">\n\t\t\t\t\t\t\t\t<div class=\"caption\">\n\t\t\t\t\t\t\t\t\t<h3>Logement de vancances<\/h3>\n\t\t\t\t\t\t\t\t\t<h4>Facilit\u00e9s et informations pratiques<\/h4>\n\t\t\t\t\t\t\t\t<\/div>\n\t\t\t\t\t\t\t<\/a>\n\t\t\t\t\t\t<\/div>\n\t\t\t\t\t<\/div>\n\t\t\t\t\t\n\t\t\t\t\t<!--\n\t\t\t\t\t<div class=\"col-lg-6 masonry-item\">\n\t\t\t\t\t\t<div class=\"inner\" style=\"background-image: url(https:\/\/www.twinstone.be\/wp-content\/uploads\/shutterstock-383121376.png);\">\n\t\t\t\t\t\t\t<a class=\"link\" href=\"http:\/\/twin.sbxs.io\/reservatie\/\">\n\t\t\t\t\t\t\t\t<div class=\"caption\">\n\t\t\t\t\t\t\t\t\t<h3>Reservatie<\/h3>\n\t\t\t\t\t\t\t\t\t<h4>Bekijk snel de beschikbare periode om te boeken<\/h4>\n\t\t\t\t\t\t\t\t<\/div>\n\t\t\t\t\t\t\t<\/a>\n\t\t\t\t\t\t<\/div>\n\t\t\t\t\t<\/div>\n\t\t\t\t\t-->\n\t\t\t\t\n\t\t\t\t\n\n\t\t\t\t\n\t\t\t\t\t<div class=\"col-lg-3 col-md-3 col-sm-6 col-xs-12 masonry-item\">\n\t\t\t\t\t\t<div class=\"inner\" style=\"background-image: url(https:\/\/www.twinstone.be\/wp-content\/uploads\/54110259.png);\">\n\t\t\t\t\t\t\t\t\t\t\t\t\t\t<a class=\"link\" href=\"https:\/\/www.twinstone.be\/fr\/galerie\/\">\n\t\t\t\t\t\t\t\t<div class=\"caption\">\n\t\t\t\t\t\t\t\t\t<h3>Gal\u00e9rie<\/h3>\n\t\t\t\t\t\t\t\t\t<h4>D\u00e9couvrez Twinstone Lodge<\/h4>\n\t\t\t\t\t\t\t\t<\/div>\n\t\t\t\t\t\t\t<\/a>\n\t\t\t\t\t\t<\/div>\n\t\t\t\t\t<\/div>\n\t\t\t\t\t\t\t\t\n\t\t\t\t\t<div class=\"col-lg-3 col-md-3 col-sm-6 col-xs-12 masonry-item\">\n\t\t\t\t\t\t<div class=\"inner\" style=\"background-image: url(https:\/\/www.twinstone.be\/wp-content\/uploads\/kattevennen.png);\">\n\t\t\t\t\t\t\t\t\t\t\t\t\t\t<a class=\"link\" href=\"https:\/\/www.twinstone.be\/fr\/contact\/\">\n\t\t\t\t\t\t\t\t<div class=\"caption\">\n\t\t\t\t\t\t\t\t\t<h3>Contact<\/h3>\n\t\t\t\t\t\t\t\t\t<h4>Contactez-nous, facile- et rapidament<\/h4>\n\t\t\t\t\t\t\t\t<\/div>\n\t\t\t\t\t\t\t<\/a>\n\t\t\t\t\t\t<\/div>\n\t\t\t\t\t<\/div>\n\t\t\t\t\t\n\t\t\t\t\t\n\t\t\t\t\t\n\t\t\t\t\t\n\t\t\t\t<\/div>\n\t\t\t\t\n\t\t\t\t\n\t\t\t[vc_empty_space height=\u00a0\u00bb50&Prime;][\/vc_column][\/vc_row][vc_row equal_height=\u00a0\u00bbyes\u00a0\u00bb content_placement=\u00a0\u00bbmiddle\u00a0\u00bb sbxs_bg_class=\u00a0\u00bbbg-light\u00a0\u00bb sbxs_headings_class=\u00a0\u00bbheadings-dark\u00a0\u00bb sbxs_text_class=\u00a0\u00bbtext-dark\u00a0\u00bb][vc_column width=\u00a0\u00bb1\/2&Prime; css=\u00a0\u00bb.vc_custom_1523273977181{padding-top: 40px !important;padding-right: 40px !important;padding-bottom: 40px !important;padding-left: 40px !important;}\u00a0\u00bb][vc_column_text el_class=\u00a0\u00bbstyled-title\u00a0\u00bb]<\/p>\n<h2 style=\"text-align: center;\">Une itin\u00e9raire parfaite<\/h2>\n<p>[\/vc_column_text][vc_empty_space height=\u00a0\u00bb20&Prime;][vc_column_text el_class=\u00a0\u00bbstyled-title\u00a0\u00bb]<\/p>\n<p style=\"text-align: center;\">Twinstone Lodge<br \/>\nKattevennen<br \/>\n3600 Genk<br \/>\nBelgi\u00eb<\/p>\n<p>[\/vc_column_text][vc_empty_space height=\u00a0\u00bb20&Prime;][vc_column_text el_class=\u00a0\u00bbstyled-title\u00a0\u00bb]<\/p>\n<p style=\"text-align: center;\">A partir du carrefour \u00e0 la hauteur de l\u2019h\u00f4pital de Oost-Limburg (ZOL), suivez la signalisation \u2018Kattevennen\u2019. Sur le propre domaine, suivez la signalisation \u2018Twinstone Lodge\u2019.<\/p>\n<p>[\/vc_column_text][vc_empty_space height=\u00a0\u00bb60&Prime;][\/vc_column][vc_column width=\u00a0\u00bb1\/2&Prime; css=\u00a0\u00bb.vc_custom_1524232720714{padding-top: 0px !important;padding-right: 0px !important;padding-bottom: 0px !important;padding-left: 0px !important;background-position: center !important;background-repeat: no-repeat !important;background-size: cover !important;}\u00a0\u00bb]\t\t\t\n\t\t\t\t\t\t\t\n<iframe loading=\"lazy\" width=\"100%\" height=\"600\" frameborder=\"0\" style=\"border:0\" src=\"https:\/\/www.google.com\/maps\/embed\/v1\/place?q=place_id:ChIJjZdLlbHewEcRaqVJZHsXeGs&amp;key=AIzaSyAqMl5tXe0KVXTwzAgHgGysTTtdvjx--Y0\" allowfullscreen><\/iframe>\n\t\t\t\t    \n\t\t\t[\/vc_column][\/vc_row][vc_row equal_height=\u00a0\u00bbyes\u00a0\u00bb content_placement=\u00a0\u00bbmiddle\u00a0\u00bb sbxs_bg_class=\u00a0\u00bbbg-primary\u00a0\u00bb sbxs_headings_class=\u00a0\u00bbheadings-white\u00a0\u00bb sbxs_text_class=\u00a0\u00bbtext-white\u00a0\u00bb][vc_column css=\u00a0\u00bb.vc_custom_1523273977181{padding-top: 40px !important;padding-right: 40px !important;padding-bottom: 40px !important;padding-left: 40px !important;}\u00a0\u00bb][vc_empty_space height=\u00a0\u00bb60&Prime;][vc_column_text]<\/p>\n<h3 style=\"text-align: center;\">Twinstone lodge<\/h3>\n<p>[\/vc_column_text][vc_empty_space height=\u00a0\u00bb16&Prime;][vc_column_text]<\/p>\n<p style=\"text-align: center;\">\u00ab\u00a0the perfect place to be, is exactly where you are right now\u00a0\u00bb<\/p>\n<p>[\/vc_column_text][vc_empty_space height=\u00a0\u00bb60&Prime;][\/vc_column][\/vc_row]<\/p>\n","protected":false},"excerpt":{"rendered":"<p>[vc_row css=\u00a0\u00bb.vc_custom_1522851111673{background-image: url(https:\/\/www.twinstone.be\/wp-content\/uploads\/56369609.jpg?id=1986) !important;background-position: center !important;background-repeat: no-repeat !important;background-size: cover !important;}\u00a0\u00bb][vc_column css=\u00a0\u00bb.vc_custom_1524421615013{padding-right: 0px !important;padding-bottom: 0px !important;padding-left: 0px !important;background-color: rgba(255,255,255,0.15) !important;*background-color: rgb(255,255,255) !important;}\u00a0\u00bb][vc_empty_space height=\u00a0\u00bb370&Prime;][\/vc_column][\/vc_row][vc_row sbxs_bg_class=\u00a0\u00bbbg-white\u00a0\u00bb css=\u00a0\u00bb.vc_custom_1524486887282{padding-top: 40px !important;padding-bottom: 40px !important;}\u00a0\u00bb][vc_column][vc_empty_space height=\u00a0\u00bb75&Prime;][vc_column_text el_class=\u00a0\u00bbstyled-title-center\u00a0\u00bb] Logement de vacances [\/vc_column_text][vc_empty_space height=\u00a0\u00bb20&Prime;][\/vc_column][\/vc_row][vc_row sbxs_bg_class=\u00a0\u00bbbg-white\u00a0\u00bb css=\u00a0\u00bb.vc_custom_1524487718842{padding-top: 40px !important;padding-right: 40px !important;padding-bottom: 40px !important;padding-left: 40px !important;}\u00a0\u00bb][vc_column width=\u00a0\u00bb1\/2&Prime;][vc_column_text] Blackstone (16 personnes) [\/vc_column_text][vc_empty_space height=\u00a0\u00bb20&Prime;][vc_column_text]constitue de 6 chambres \u00e0<\/p>\n","protected":false},"author":1,"featured_media":0,"parent":0,"menu_order":0,"comment_status":"closed","ping_status":"closed","template":"","meta":{"_acf_changed":false,"footnotes":""},"class_list":["post-2247","page","type-page","status-publish","hentry"],"acf":[],"_links":{"self":[{"href":"https:\/\/www.twinstone.be\/fr\/wp-json\/wp\/v2\/pages\/2247","targetHints":{"allow":["GET"]}}],"collection":[{"href":"https:\/\/www.twinstone.be\/fr\/wp-json\/wp\/v2\/pages"}],"about":[{"href":"https:\/\/www.twinstone.be\/fr\/wp-json\/wp\/v2\/types\/page"}],"author":[{"embeddable":true,"href":"https:\/\/www.twinstone.be\/fr\/wp-json\/wp\/v2\/users\/1"}],"replies":[{"embeddable":true,"href":"https:\/\/www.twinstone.be\/fr\/wp-json\/wp\/v2\/comments?post=2247"}],"version-history":[{"count":13,"href":"https:\/\/www.twinstone.be\/fr\/wp-json\/wp\/v2\/pages\/2247\/revisions"}],"predecessor-version":[{"id":3077,"href":"https:\/\/www.twinstone.be\/fr\/wp-json\/wp\/v2\/pages\/2247\/revisions\/3077"}],"wp:attachment":[{"href":"https:\/\/www.twinstone.be\/fr\/wp-json\/wp\/v2\/media?parent=2247"}],"curies":[{"name":"wp","href":"https:\/\/api.w.org\/{rel}","templated":true}]}}