{"id":2241,"date":"2018-04-23T23:12:38","date_gmt":"2018-04-23T21:12:38","guid":{"rendered":"https:\/\/www.twinstone.be\/?page_id=2241"},"modified":"2018-11-05T12:26:59","modified_gmt":"2018-11-05T10:26:59","slug":"kattevennen","status":"publish","type":"page","link":"https:\/\/www.twinstone.be\/fr\/kattevennen\/","title":{"rendered":"Kattevennen"},"content":{"rendered":"<p>[vc_row css=\u00a0\u00bb.vc_custom_1522851111673{background-image: url(https:\/\/www.twinstone.be\/wp-content\/uploads\/56369609.jpg?id=1986) !important;background-position: center !important;background-repeat: no-repeat !important;background-size: cover !important;}\u00a0\u00bb][vc_column css=\u00a0\u00bb.vc_custom_1524421615013{padding-right: 0px !important;padding-bottom: 0px !important;padding-left: 0px !important;background-color: rgba(255,255,255,0.15) !important;*background-color: rgb(255,255,255) !important;}\u00a0\u00bb][vc_empty_space height=\u00a0\u00bb370&Prime;]\t\t\t<div class=\"boeking-formulier\" id=\"book\">\n\t\t\t\t<button type=\"button\" class=\"btnCheckAvail mytourist-open-modal\">R\u00e9server maintenant<\/button>\n\t\t\t\t<div class=\"clearfix\"><\/div>\n\t\t\t<\/div>\n\t\t[\/vc_column][\/vc_row][vc_row sbxs_bg_class=\u00a0\u00bbbg-white\u00a0\u00bb css=\u00a0\u00bb.vc_custom_1524486887282{padding-top: 40px !important;padding-bottom: 40px !important;}\u00a0\u00bb][vc_column][vc_empty_space height=\u00a0\u00bb75&Prime;][vc_column_text el_class=\u00a0\u00bbstyled-title-center\u00a0\u00bb]<\/p>\n<h1 style=\"text-align: center;\">Kattevennen<\/h1>\n<p>[\/vc_column_text][vc_empty_space height=\u00a0\u00bb20&Prime;][\/vc_column][\/vc_row][vc_row sbxs_bg_class=\u00a0\u00bbbg-white\u00a0\u00bb el_class=\u00a0\u00bbshadow-row\u00a0\u00bb][vc_column width=\u00a0\u00bb1\/2&Prime;][vc_column_text]<\/p>\n<h3>Porte d&rsquo;acc\u00e8s Kattevennen<\/h3>\n<p>[\/vc_column_text][vc_empty_space height=\u00a0\u00bb20&Prime;][vc_column_text]Kattevennen est une des 6 portes d\u2019acc\u00e8s du parc national des \u2018Hoge Kempen\u2019 qui est d\u00e9diqu\u00e9e au macrocosme.<\/p>\n<p>Au domaine de Kattevennen, vous pouvez visiter le Cosmodrome, l\u2019ancien plan\u00e9taire, qui offre de nouveaux shows de 360\u00b0. \u00c9galement, vous pouvez faire du v\u00e9lo, se promener, ou jouer au minigolf. Une plaine de jeux se trouve sur le terrain pour les petits.<\/p>\n<p>Par ailleurs, sport Vlaanderen vous offrent encore d\u2019autres activit\u00e9s d\u00e9portives sur le domaine.<\/p>\n<p>En bref : venez profiter de la tranquilit\u00e9 et de la d\u00e9tente que offrent cette r\u00e9gion foresti\u00e8re.<\/p>\n<p><a href=\"https:\/\/www.kattevennen.be\">https:\/\/www.kattevennen.be<\/a>[\/vc_column_text][\/vc_column][vc_column width=\u00a0\u00bb1\/2&Prime;][vc_single_image image=\u00a0\u00bb2057&Prime; img_size=\u00a0\u00bb500&#215;400&Prime; alignment=\u00a0\u00bbcenter\u00a0\u00bb style=\u00a0\u00bbvc_box_rounded\u00a0\u00bb][\/vc_column][\/vc_row][vc_row sbxs_bg_class=\u00a0\u00bbbg-white\u00a0\u00bb el_class=\u00a0\u00bbshadow-row\u00a0\u00bb][vc_column width=\u00a0\u00bb1\/2&Prime;][vc_single_image image=\u00a0\u00bb2062&Prime; img_size=\u00a0\u00bb500&#215;400&Prime; alignment=\u00a0\u00bbcenter\u00a0\u00bb style=\u00a0\u00bbvc_box_rounded\u00a0\u00bb][\/vc_column][vc_column width=\u00a0\u00bb1\/2&Prime;][vc_column_text]<\/p>\n<h3 style=\"text-align: left;\">Cosmodrome<\/h3>\n<p>[\/vc_column_text][vc_empty_space height=\u00a0\u00bb20&Prime;][vc_column_text]1 billet = 3 exp\u00e9riences<\/p>\n<p>L\u2019exposition Oerknal (Big Bang) vous emmene au commencement absolu du cosmos afin de revivre l\u2019\u00e9volution du Big Bang au pr\u00e9sent.<\/p>\n<p>Le show de 360\u00ba est une unique exp\u00e9rience cin\u00e9matique. Apr\u00e9s de chaque show vous pouvez observer les \u00e9toiles du soir.<\/p>\n<p>La troisi\u00e8me experience est une visite \u00e0 l\u2019observatoire dont vous pouvez d\u00e9couvrir des corps celestes avec un t\u00e9lescope de 3 m\u00e8tres de long.[\/vc_column_text][\/vc_column][\/vc_row][vc_row sbxs_bg_class=\u00a0\u00bbbg-white\u00a0\u00bb el_class=\u00a0\u00bbshadow-row\u00a0\u00bb][vc_column width=\u00a0\u00bb1\/2&Prime;][vc_column_text]<\/p>\n<h3>Man\u00e8ge<\/h3>\n<p>[\/vc_column_text][vc_empty_space height=\u00a0\u00bb20&Prime;][vc_column_text]Le club \u00e9questre de Genk est un des clubs \u00e9questres les plus anciens de la province qui jouait un role dans la cr\u00e9ation de l\u2019organisation provinciale globale de Limbourg, le \u2018Kempische Regionale\u2019 (KR). A pr\u00e9sent, le KR est un club provincial du Vlaamse Liga Paardensport.<\/p>\n<p>Kattevenia est le man\u00e8ge principal du club de Genk et a \u00e9t\u00e9 construit par le propre club. Le man\u00e8ge appartient actuellement \u00e0 Sport Vlaanderen. Dans le taverne du man\u00e8ge, vous pouvez profiter d\u2019un pinte et d\u2019une pinc\u00e9e.<\/p>\n<p>En r\u00e9sum\u00e9, le domaine Kattevennen offre une quantit\u00e9 de possibilit\u00e9s et d\u2019activit\u00e9s pour jeunes et vieux.[\/vc_column_text][\/vc_column][vc_column width=\u00a0\u00bb1\/2&Prime;][vc_single_image image=\u00a0\u00bb2058&Prime; img_size=\u00a0\u00bb500&#215;400&Prime; alignment=\u00a0\u00bbcenter\u00a0\u00bb style=\u00a0\u00bbvc_box_rounded\u00a0\u00bb][\/vc_column][\/vc_row][vc_row sbxs_bg_class=\u00a0\u00bbbg-white\u00a0\u00bb el_class=\u00a0\u00bbshadow-row\u00a0\u00bb][vc_column width=\u00a0\u00bb1\/2&Prime;][vc_single_image image=\u00a0\u00bb2069&Prime; img_size=\u00a0\u00bb500&#215;400&Prime; alignment=\u00a0\u00bbcenter\u00a0\u00bb style=\u00a0\u00bbvc_box_rounded\u00a0\u00bb][\/vc_column][vc_column width=\u00a0\u00bb1\/2&Prime;][vc_column_text]<\/p>\n<h3>Des routes \u00e0 v\u00e9lo\/ Des routes au cheval<\/h3>\n<p>[\/vc_column_text][vc_empty_space height=\u00a0\u00bb20&Prime;][vc_column_text]Dans le poument vert de Limbourg et au bord du premier parc national de Flandres se situe la porte d\u2019acc\u00e9s Kattevennen. Kattevennen est l\u2019endroit par excellence de faire du v\u00e9lo. Plusieures it\u00edn\u00e9raires peuvent s\u2019\u00e9ffectuer sur le propre domaine, mais le domaine donne \u00e9galement acc\u00e8s au c\u00e9l\u00e8bre r\u00e9seau de circuits \u00e0 v\u00e9lo de Flandres.<\/p>\n<p>Gr\u00e2ce au r\u00e9sau des circuits \u00e0 v\u00e9lo et au cheval, vous pouvez d\u00e9couvrir les lieux les plus beaux du parc national.[\/vc_column_text][\/vc_column][\/vc_row][vc_row sbxs_bg_class=\u00a0\u00bbbg-white\u00a0\u00bb sbxs_headings_class=\u00a0\u00bbheadings-dark\u00a0\u00bb sbxs_text_class=\u00a0\u00bbtext-dark\u00a0\u00bb][vc_column][vc_empty_space height=\u00a0\u00bb75&Prime;][vc_column_text el_class=\u00a0\u00bbstyled-title-center\u00a0\u00bb]<\/p>\n<h2 style=\"text-align: center;\">Top 3 activit\u00e9s<\/h2>\n<p>[\/vc_column_text][vc_column_text el_class=\u00a0\u00bbstyled-subtext\u00a0\u00bb][\/vc_column_text][\/vc_column][\/vc_row][vc_row sbxs_bg_class=\u00a0\u00bbbg-white\u00a0\u00bb el_class=\u00a0\u00bbshadow-row\u00a0\u00bb][vc_column width=\u00a0\u00bb1\/3&Prime;][vc_column_text]<\/p>\n<h3>Bokrijk<\/h3>\n<p>[\/vc_column_text][vc_empty_space height=\u00a0\u00bb20&Prime;][vc_column_text]Laissez-vous inspirer par le mus\u00e9e en plein air, les maisons historiques, l\u2019art de l\u2019artesanat, et \u2026 les ann\u00e9es soixante !Une attraction speciale courron\u00e9e par Time Magazin comme un des lieux les plus beaux du monde : Traverser l\u2019eau \u00e1 v\u00e9lo.[\/vc_column_text][\/vc_column][vc_column width=\u00a0\u00bb1\/3&Prime;][vc_column_text]<\/p>\n<h3>C-mine<\/h3>\n<p>[\/vc_column_text][vc_empty_space height=\u00a0\u00bb20&Prime;][vc_column_text]Visitez ce lieu unique, plus d\u2019infos sur :<a href=\"http:\/\/www.c-mine.be\/Bezoek\"> http:\/\/www.c-mine.be\/Bezoek<\/a>[\/vc_column_text][\/vc_column][vc_column width=\u00a0\u00bb1\/3&Prime;][vc_column_text]<\/p>\n<h3>Le sentier aux pieds nus<\/h3>\n<p>[\/vc_column_text][vc_empty_space height=\u00a0\u00bb20&Prime;][vc_column_text]<\/p>\n<div id=\"maincontent\">\n<div id=\"content\">\n<div class=\"region region-content\">\n<div id=\"block-system-main\" class=\"block block-system\">\n<div class=\"content\">\n<div id=\"node-9\" class=\"node node-page clearfix\">\n<div class=\"content\">\n<div class=\"field field-name-body field-type-text-with-summary field-label-hidden\">\n<div class=\"field-items\">\n<div class=\"field-item even\">\n<div>\n<p>Le sentier aux pieds nus \u00e1 Zutendaal (Lietenberg) vous offre une exp\u00e9rience unique. Jamais n\u2019avez vous vous promen\u00e9 dans la nature ? Retournez au \u00ab basics \u00bb et venez \u00e1 d\u00e9couvrir des sentations uniques sur un sentier de pr\u00e8s de 3 km de long.<\/p>\n<\/div>\n<\/div>\n<\/div>\n<\/div>\n<\/div>\n<\/div>\n<\/div>\n<\/div>\n<\/div>\n<\/div>\n<\/div>\n<p>[\/vc_column_text][\/vc_column][\/vc_row][vc_row sbxs_bg_class=\u00a0\u00bbbg-white\u00a0\u00bb el_class=\u00a0\u00bbshadow-row\u00a0\u00bb][vc_column width=\u00a0\u00bb1\/3&Prime;][vc_column_text]<\/p>\n<h3>Karting<\/h3>\n<p>[\/vc_column_text][vc_empty_space height=\u00a0\u00bb20&Prime;][vc_column_text]Envie d\u2019une pouss\u00e9e d\u2019adr\u00e9naline ? Faites du karting d\u2019une mani\u00e8re appropri\u00e9e et prudente !\u00a0 <a href=\"https:\/\/www.kartinggenk.be\">https:\/\/www.kartinggenk.be<\/a>[\/vc_column_text][\/vc_column][vc_column width=\u00a0\u00bb1\/3&Prime;][vc_single_image image=\u00a0\u00bb2411&Prime; img_size=\u00a0\u00bb500&#215;400&Prime; alignment=\u00a0\u00bbcenter\u00a0\u00bb style=\u00a0\u00bbvc_box_rounded\u00a0\u00bb][\/vc_column][vc_column width=\u00a0\u00bb1\/3&Prime;][vc_single_image image=\u00a0\u00bb2407&Prime; img_size=\u00a0\u00bb500&#215;400&Prime; alignment=\u00a0\u00bbcenter\u00a0\u00bb style=\u00a0\u00bbvc_box_rounded\u00a0\u00bb][\/vc_column][\/vc_row][vc_row sbxs_bg_class=\u00a0\u00bbbg-white\u00a0\u00bb sbxs_headings_class=\u00a0\u00bbheadings-dark\u00a0\u00bb sbxs_text_class=\u00a0\u00bbtext-dark\u00a0\u00bb][vc_column][vc_empty_space height=\u00a0\u00bb75&Prime;][vc_column_text el_class=\u00a0\u00bbstyled-title-center\u00a0\u00bb]<\/p>\n<h2 style=\"text-align: center;\">D\u00e9couvrez Twinstone Lodge ici<\/h2>\n<p>[\/vc_column_text][vc_column_text el_class=\u00a0\u00bbstyled-subtext\u00a0\u00bb]<\/p>\n<p style=\"text-align: center;\">\u201dAdventure Awaits, Go find it.\u201d<\/p>\n<p>[\/vc_column_text][vc_empty_space height=\u00a0\u00bb50&Prime;]\t\t\t\t\n\t\t\t\t<!-- Modal -->\n\t\t\t\t<div id=\"twinvideo\" class=\"modal fade\" role=\"dialog\">\n\t\t\t\t  <div class=\"modal-dialog\">\n\t\t\t\t\n\t\t\t\t    <!-- Modal content-->\n\t\t\t\t    <div class=\"modal-content\">\n\t\t\t\t\t    \n\t\t\t\t      <div class=\"modal-header\">\n\t\t\t\t        <button type=\"button\" class=\"close\" data-dismiss=\"modal\">&times;<\/button>\n\t\t\t\t      <\/div>\n\t\t\t\t      \n\t\t\t\t      <div class=\"modal-body\">\n\t\t\t\t      \t<video id=\"twinvideoel\" controls src=\"https:\/\/www.twinstone.be\/wp-content\/uploads\/twinstone-lodge-video.mp4\"><\/video>\n\t\t\t\t      <\/div>\n\t\t\t\t      \n\t\t\t\t    <\/div>\n\t\t\t\t\n\t\t\t\t  <\/div>\n\t\t\t\t<\/div>\n\n\n\t\t\t\t<script>\n\t\t\t\tjQuery(document).ready(function($) {\n\t\t\t\t\tjQuery('.opentwinvideo').click(function(e) {\n\t\t\t\t\t\te.preventDefault();\n\t\t\t\t\t\tjQuery(\"#twinvideo\").modal();\n\t\t\t\t\t\t\n\t\t\t\t\t\tif (jQuery(\"#twinvideoel\").get(0).paused) {\n\t\t\t\t\t\t       jQuery(\"#twinvideoel\").get(0).play();\n\t\t\t\t\t\t   } else {\n\t\t\t\t\t\t       jQuery(\"#twinvideoel\").get(0).pause();\n\t\t\t\t\t\t  }\n  \n\t\t\t\t\t});\n\t\t\t\t\n\t\t\t\t\tjQuery('#twinvideo').on('hidden.bs.modal', function () {\n\t\t\t\t\t  jQuery(\"#twinvideoel\").get(0).pause();\n\t\t\t\t\t});\n\t\t\t\t});\n\t\t\t\t<\/script>\n\n\t\t\t\n\t\t\t\t<div class=\"homepage-masonry\">\n\t\t\t\t\t\n\t\t\t\t\t<div class=\"col-lg-3 col-md-3 col-sm-3 col-xs-3 grid-sizer\"><\/div>\n\t\t\t\t\t\n\t\t\t\t\t\n\n\n\t\t\t\t\t<div class=\"col-lg-6 col-md-6 col-sm-6 col-xs-12 masonry-item double-height\">\n\t\t\t\t\t\t<div class=\"inner\" style=\"background-image: url(https:\/\/www.twinstone.be\/wp-content\/uploads\/video-bg.png);\">\n\t\t\t\t\t\t\t<a class=\"link opentwinvideo\" href=\"#\">\n\t\t\t\t\t\t\t\t<div class=\"caption\">\n\t\t\t\t\t\t\t\t\t<!--\n\t\t\t\t\t\t\t\t\t<h3>Bekijk het fotoalbum<\/h3>\n\t\t\t\t\t\t\t\t\t<h4>Een interieur om van te genieten<\/h4>\n\t\t\t\t\t\t\t\t\t-->\n\t\t\t\t\t\t\t\t\t<i class=\"fa fa-play\"><\/i>\n\n\t\t\t\t\t\t\t\t<\/div>\n\t\t\t\t\t\t\t<\/a>\n\t\t\t\t\t\t<\/div>\n\t\t\t\t\t<\/div>\n\t\t\t\t\t\n\t\t\t\t\t\n\t\t\t\t\t\n\t\t\t\t\t\n\t\t\t\t\t<!--\n\t\t\t\t\t<div class=\"col-lg-6 masonry-item double-height\">\n\t\t\t\t\t\t<div class=\"inner\" style=\"background-image: url(https:\/\/www.twinstone.be\/wp-content\/uploads\/shutterstock-366653684.jpg);\">\n\t\t\t\t\t\t\t<a class=\"link\" href=\"http:\/\/twin.sbxs.io\/fotoalbum\/\">\n\t\t\t\t\t\t\t\t<div class=\"caption\">\n\t\t\t\t\t\t\t\t\t<h3>Bekijk het fotoalbum<\/h3>\n\t\t\t\t\t\t\t\t\t<h4>Een interieur om van te genieten<\/h4>\n\t\t\t\t\t\t\t\t<\/div>\n\t\t\t\t\t\t\t<\/a>\n\t\t\t\t\t\t<\/div>\n\t\t\t\t\t<\/div>\n\t\t\t\t\t-->\n\t\t\t\t\t\n\t\t\t\t\t<div class=\"col-lg-3 col-md-3 col-sm-6 col-xs-12 masonry-item\">\n\t\t\t\t\t\t<div class=\"inner\" style=\"background-image: url(https:\/\/www.twinstone.be\/wp-content\/uploads\/kattevennen.png);\">\n\t\t\t\t\t\t\t\t\t\t\t\t\t\t<a class=\"link\" href=\"https:\/\/www.twinstone.be\/fr\/kattevennen\/\">\n\t\t\t\t\t\t\t\t<div class=\"caption\">\n\t\t\t\t\t\t\t\t\t<h3>Kattevennen<\/h3>\n\t\t\t\t\t\t\t\t\t<h4>D\u00e9couvrez la r\u00e9gion<\/h4>\n\t\t\t\t\t\t\t\t<\/div>\n\t\t\t\t\t\t\t<\/a>\n\t\t\t\t\t\t<\/div>\n\t\t\t\t\t<\/div>\n\t\t\t\t\t\t\t\t\n\t\t\t\t\t<div class=\"col-lg-3 col-md-3 col-sm-6 col-xs-12 masonry-item\">\n\t\t\t\t\t\t<div class=\"inner\" style=\"background-image: url(https:\/\/www.twinstone.be\/wp-content\/uploads\/54110259.png);\">\n\t\t\t\t\t\t\t\t\t\t\t\t\t\t<a class=\"link\" href=\"https:\/\/www.twinstone.be\/fr\/logement-de-vacances\/\">\n\t\t\t\t\t\t\t\t<div class=\"caption\">\n\t\t\t\t\t\t\t\t\t<h3>Logement de vancances<\/h3>\n\t\t\t\t\t\t\t\t\t<h4>Facilit\u00e9s et informations pratiques<\/h4>\n\t\t\t\t\t\t\t\t<\/div>\n\t\t\t\t\t\t\t<\/a>\n\t\t\t\t\t\t<\/div>\n\t\t\t\t\t<\/div>\n\t\t\t\t\t\n\t\t\t\t\t<!--\n\t\t\t\t\t<div class=\"col-lg-6 masonry-item\">\n\t\t\t\t\t\t<div class=\"inner\" style=\"background-image: url(https:\/\/www.twinstone.be\/wp-content\/uploads\/shutterstock-383121376.png);\">\n\t\t\t\t\t\t\t<a class=\"link\" href=\"http:\/\/twin.sbxs.io\/reservatie\/\">\n\t\t\t\t\t\t\t\t<div class=\"caption\">\n\t\t\t\t\t\t\t\t\t<h3>Reservatie<\/h3>\n\t\t\t\t\t\t\t\t\t<h4>Bekijk snel de beschikbare periode om te boeken<\/h4>\n\t\t\t\t\t\t\t\t<\/div>\n\t\t\t\t\t\t\t<\/a>\n\t\t\t\t\t\t<\/div>\n\t\t\t\t\t<\/div>\n\t\t\t\t\t-->\n\t\t\t\t\n\t\t\t\t\n\n\t\t\t\t\n\t\t\t\t\t<div class=\"col-lg-3 col-md-3 col-sm-6 col-xs-12 masonry-item\">\n\t\t\t\t\t\t<div class=\"inner\" style=\"background-image: url(https:\/\/www.twinstone.be\/wp-content\/uploads\/54110259.png);\">\n\t\t\t\t\t\t\t\t\t\t\t\t\t\t<a class=\"link\" href=\"https:\/\/www.twinstone.be\/fr\/galerie\/\">\n\t\t\t\t\t\t\t\t<div class=\"caption\">\n\t\t\t\t\t\t\t\t\t<h3>Gal\u00e9rie<\/h3>\n\t\t\t\t\t\t\t\t\t<h4>D\u00e9couvrez Twinstone Lodge<\/h4>\n\t\t\t\t\t\t\t\t<\/div>\n\t\t\t\t\t\t\t<\/a>\n\t\t\t\t\t\t<\/div>\n\t\t\t\t\t<\/div>\n\t\t\t\t\t\t\t\t\n\t\t\t\t\t<div class=\"col-lg-3 col-md-3 col-sm-6 col-xs-12 masonry-item\">\n\t\t\t\t\t\t<div class=\"inner\" style=\"background-image: url(https:\/\/www.twinstone.be\/wp-content\/uploads\/kattevennen.png);\">\n\t\t\t\t\t\t\t\t\t\t\t\t\t\t<a class=\"link\" href=\"https:\/\/www.twinstone.be\/fr\/contact\/\">\n\t\t\t\t\t\t\t\t<div class=\"caption\">\n\t\t\t\t\t\t\t\t\t<h3>Contact<\/h3>\n\t\t\t\t\t\t\t\t\t<h4>Contactez-nous, facile- et rapidament<\/h4>\n\t\t\t\t\t\t\t\t<\/div>\n\t\t\t\t\t\t\t<\/a>\n\t\t\t\t\t\t<\/div>\n\t\t\t\t\t<\/div>\n\t\t\t\t\t\n\t\t\t\t\t\n\t\t\t\t\t\n\t\t\t\t\t\n\t\t\t\t<\/div>\n\t\t\t\t\n\t\t\t\t\n\t\t\t[vc_empty_space height=\u00a0\u00bb50&Prime;][\/vc_column][\/vc_row][vc_row equal_height=\u00a0\u00bbyes\u00a0\u00bb content_placement=\u00a0\u00bbmiddle\u00a0\u00bb sbxs_bg_class=\u00a0\u00bbbg-light\u00a0\u00bb sbxs_headings_class=\u00a0\u00bbheadings-dark\u00a0\u00bb sbxs_text_class=\u00a0\u00bbtext-dark\u00a0\u00bb][vc_column width=\u00a0\u00bb1\/2&Prime; css=\u00a0\u00bb.vc_custom_1523273977181{padding-top: 40px !important;padding-right: 40px !important;padding-bottom: 40px !important;padding-left: 40px !important;}\u00a0\u00bb][vc_column_text el_class=\u00a0\u00bbstyled-title\u00a0\u00bb]<\/p>\n<h2 style=\"text-align: center;\">Une itin\u00e9raire parfaite<\/h2>\n<p>[\/vc_column_text][vc_empty_space height=\u00a0\u00bb20&Prime;][vc_column_text el_class=\u00a0\u00bbstyled-title\u00a0\u00bb]<\/p>\n<p style=\"text-align: center;\">Twinstone Lodge<br \/>\nKattevennen<br \/>\n3600 Genk<br \/>\nBelgi\u00eb<\/p>\n<p>[\/vc_column_text][vc_empty_space height=\u00a0\u00bb20&Prime;][vc_column_text el_class=\u00a0\u00bbstyled-title\u00a0\u00bb]<\/p>\n<p style=\"text-align: center;\">A partir du carrefour \u00e0 la hauteur de l\u2019h\u00f4pital de Oost-Limburg (ZOL), suivez la signalisation \u2018Kattevennen\u2019. Sur le propre domaine, suivez la signalisation \u2018Twinstone Lodge\u2019.<\/p>\n<p>[\/vc_column_text][vc_empty_space height=\u00a0\u00bb60&Prime;][\/vc_column][vc_column width=\u00a0\u00bb1\/2&Prime; css=\u00a0\u00bb.vc_custom_1524232720714{padding-top: 0px !important;padding-right: 0px !important;padding-bottom: 0px !important;padding-left: 0px !important;background-position: center !important;background-repeat: no-repeat !important;background-size: cover !important;}\u00a0\u00bb]\t\t\t\n\t\t\t\t\t\t\t\n<iframe loading=\"lazy\" width=\"100%\" height=\"600\" frameborder=\"0\" style=\"border:0\" src=\"https:\/\/www.google.com\/maps\/embed\/v1\/place?q=place_id:ChIJjZdLlbHewEcRaqVJZHsXeGs&amp;key=AIzaSyAqMl5tXe0KVXTwzAgHgGysTTtdvjx--Y0\" allowfullscreen><\/iframe>\n\t\t\t\t    \n\t\t\t[\/vc_column][\/vc_row][vc_row equal_height=\u00a0\u00bbyes\u00a0\u00bb content_placement=\u00a0\u00bbmiddle\u00a0\u00bb sbxs_bg_class=\u00a0\u00bbbg-primary\u00a0\u00bb sbxs_headings_class=\u00a0\u00bbheadings-white\u00a0\u00bb sbxs_text_class=\u00a0\u00bbtext-white\u00a0\u00bb][vc_column css=\u00a0\u00bb.vc_custom_1523273977181{padding-top: 40px !important;padding-right: 40px !important;padding-bottom: 40px !important;padding-left: 40px !important;}\u00a0\u00bb][vc_empty_space height=\u00a0\u00bb60&Prime;][vc_column_text]<\/p>\n<h3 style=\"text-align: center;\">Twinstone lodge<\/h3>\n<p>[\/vc_column_text][vc_empty_space height=\u00a0\u00bb16&Prime;][vc_column_text]<\/p>\n<p style=\"text-align: center;\">\u00ab\u00a0the perfect place to be, is exactly where you are right now\u00a0\u00bb<\/p>\n<p>[\/vc_column_text][vc_empty_space height=\u00a0\u00bb60&Prime;][\/vc_column][\/vc_row]<\/p>\n","protected":false},"excerpt":{"rendered":"<p>[vc_row css=\u00a0\u00bb.vc_custom_1522851111673{background-image: url(https:\/\/www.twinstone.be\/wp-content\/uploads\/56369609.jpg?id=1986) !important;background-position: center !important;background-repeat: no-repeat !important;background-size: cover !important;}\u00a0\u00bb][vc_column css=\u00a0\u00bb.vc_custom_1524421615013{padding-right: 0px !important;padding-bottom: 0px !important;padding-left: 0px !important;background-color: rgba(255,255,255,0.15) !important;*background-color: rgb(255,255,255) !important;}\u00a0\u00bb][vc_empty_space height=\u00a0\u00bb370&Prime;][\/vc_column][\/vc_row][vc_row sbxs_bg_class=\u00a0\u00bbbg-white\u00a0\u00bb css=\u00a0\u00bb.vc_custom_1524486887282{padding-top: 40px !important;padding-bottom: 40px !important;}\u00a0\u00bb][vc_column][vc_empty_space height=\u00a0\u00bb75&Prime;][vc_column_text el_class=\u00a0\u00bbstyled-title-center\u00a0\u00bb] Kattevennen [\/vc_column_text][vc_empty_space height=\u00a0\u00bb20&Prime;][\/vc_column][\/vc_row][vc_row sbxs_bg_class=\u00a0\u00bbbg-white\u00a0\u00bb el_class=\u00a0\u00bbshadow-row\u00a0\u00bb][vc_column width=\u00a0\u00bb1\/2&Prime;][vc_column_text] Porte d&rsquo;acc\u00e8s Kattevennen [\/vc_column_text][vc_empty_space height=\u00a0\u00bb20&Prime;][vc_column_text]Kattevennen est une des 6 portes d\u2019acc\u00e8s du parc national des \u2018Hoge Kempen\u2019 qui est<\/p>\n","protected":false},"author":1,"featured_media":0,"parent":0,"menu_order":0,"comment_status":"closed","ping_status":"closed","template":"","meta":{"_acf_changed":false,"footnotes":""},"class_list":["post-2241","page","type-page","status-publish","hentry"],"acf":[],"_links":{"self":[{"href":"https:\/\/www.twinstone.be\/fr\/wp-json\/wp\/v2\/pages\/2241","targetHints":{"allow":["GET"]}}],"collection":[{"href":"https:\/\/www.twinstone.be\/fr\/wp-json\/wp\/v2\/pages"}],"about":[{"href":"https:\/\/www.twinstone.be\/fr\/wp-json\/wp\/v2\/types\/page"}],"author":[{"embeddable":true,"href":"https:\/\/www.twinstone.be\/fr\/wp-json\/wp\/v2\/users\/1"}],"replies":[{"embeddable":true,"href":"https:\/\/www.twinstone.be\/fr\/wp-json\/wp\/v2\/comments?post=2241"}],"version-history":[{"count":8,"href":"https:\/\/www.twinstone.be\/fr\/wp-json\/wp\/v2\/pages\/2241\/revisions"}],"predecessor-version":[{"id":2492,"href":"https:\/\/www.twinstone.be\/fr\/wp-json\/wp\/v2\/pages\/2241\/revisions\/2492"}],"wp:attachment":[{"href":"https:\/\/www.twinstone.be\/fr\/wp-json\/wp\/v2\/media?parent=2241"}],"curies":[{"name":"wp","href":"https:\/\/api.w.org\/{rel}","templated":true}]}}