{"id":2417,"date":"2018-09-13T16:48:56","date_gmt":"2018-09-13T14:48:56","guid":{"rendered":"https:\/\/www.twinstone.be\/?page_id=2417"},"modified":"2019-02-14T16:35:07","modified_gmt":"2019-02-14T14:35:07","slug":"business-2","status":"publish","type":"page","link":"https:\/\/www.twinstone.be\/de\/business-2\/","title":{"rendered":"Business"},"content":{"rendered":"<p>[vc_row css=&#8220;.vc_custom_1522851111673{background-image: url(https:\/\/www.twinstone.be\/wp-content\/uploads\/56369609.jpg?id=1986) !important;background-position: center !important;background-repeat: no-repeat !important;background-size: cover !important;}&#8220;][vc_column css=&#8220;.vc_custom_1524421615013{padding-right: 0px !important;padding-bottom: 0px !important;padding-left: 0px !important;background-color: rgba(255,255,255,0.15) !important;*background-color: rgb(255,255,255) !important;}&#8220;][vc_empty_space height=&#8220;370&#8243;]\t\t\t<div class=\"boeking-formulier\" id=\"book\">\n\t\t\t\t<button type=\"button\" class=\"btnCheckAvail mytourist-open-modal\">Jetzt buchen<\/button>\n\t\t\t\t<div class=\"clearfix\"><\/div>\n\t\t\t<\/div>\n\t\t[\/vc_column][\/vc_row][vc_row sbxs_bg_class=&#8220;bg-white&#8220; css=&#8220;.vc_custom_1524486887282{padding-top: 40px !important;padding-bottom: 40px !important;}&#8220;][vc_column][vc_empty_space height=&#8220;75&#8243;][vc_column_text el_class=&#8220;styled-title-center&#8220;]<\/p>\n<h1 style=\"text-align: center;\">Business<\/h1>\n<p>[\/vc_column_text][vc_empty_space height=&#8220;20&#8243;][\/vc_column][\/vc_row][vc_row sbxs_bg_class=&#8220;bg-white&#8220; el_class=&#8220;shadow-row&#8220;][vc_column width=&#8220;1\/2&#8243;][vc_column_text]<\/p>\n<h3>Teambuildings, Workshops, Schulungen, Sitzungen, &#8230;<\/h3>\n<p>[\/vc_column_text][vc_empty_space height=&#8220;20&#8243;][vc_column_text]Planen Sie Ihre Veranstaltung in einer modernen, inspirierenden Privatumgebung!<\/p>\n<p>In Twinstone Lodge kann man Teambuildings, Workshops, Schulungen und Sitzungen veranstalten.<\/p>\n<p>Der Sitzungsraum befindet sich inmitten der Natur und ist vollst\u00e4ndig ausger\u00fcstet, um ungest\u00f6rt zu arbeiten (Bildschirm und Overhead-Projektor vorhanden).<\/p>\n<p>Die modulare Wohnung ist f\u00fcr Gruppen von 4 bis 28 Personen (10 Zimmer) geeignet.<\/p>\n<p>F\u00fcr das Catering arbeiten wir mit Partnern zusammen, und die Buchung eines Kochs ist ebenfalls m\u00f6glich.<\/p>\n<p>Kattevennen bietet zahlreiche Aktivit\u00e4ten: Naturwanderungen, eventuell in Begleitung eines Rangers, Fahrradtouren durch das Nationalpark Hoge Kempen, Reiten usw. Der Barfu\u00dfpfad ist 7 km von Twinstone Lodge entfernt.<\/p>\n<p>Sauna und Dampfbad stehen kostenlos zur Verf\u00fcgung.[\/vc_column_text][\/vc_column][vc_column width=&#8220;1\/2&#8243;][vc_single_image image=&#8220;1986&#8243; img_size=&#8220;500&#215;400&#8243; alignment=&#8220;center&#8220; style=&#8220;vc_box_rounded&#8220;][\/vc_column][\/vc_row][vc_row sbxs_bg_class=&#8220;bg-white&#8220; sbxs_headings_class=&#8220;headings-dark&#8220; sbxs_text_class=&#8220;text-dark&#8220;][vc_column][vc_empty_space height=&#8220;75&#8243;][vc_column_text el_class=&#8220;styled-title-center&#8220;]<\/p>\n<h2 style=\"text-align: center;\">Entdecken Sie Twinstone Lodge<\/h2>\n<p>[\/vc_column_text][vc_column_text el_class=&#8220;styled-subtext&#8220;]<\/p>\n<p style=\"text-align: center;\">\u201dAdventure Awaits, Go find it.\u201d<\/p>\n<p>[\/vc_column_text][vc_empty_space height=&#8220;50&#8243;]\t\t\t\t\n\t\t\t\t<!-- Modal -->\n\t\t\t\t<div id=\"twinvideo\" class=\"modal fade\" role=\"dialog\">\n\t\t\t\t  <div class=\"modal-dialog\">\n\t\t\t\t\n\t\t\t\t    <!-- Modal content-->\n\t\t\t\t    <div class=\"modal-content\">\n\t\t\t\t\t    \n\t\t\t\t      <div class=\"modal-header\">\n\t\t\t\t        <button type=\"button\" class=\"close\" data-dismiss=\"modal\">&times;<\/button>\n\t\t\t\t      <\/div>\n\t\t\t\t      \n\t\t\t\t      <div class=\"modal-body\">\n\t\t\t\t      \t<video id=\"twinvideoel\" controls src=\"https:\/\/www.twinstone.be\/wp-content\/uploads\/twinstone-lodge-video.mp4\"><\/video>\n\t\t\t\t      <\/div>\n\t\t\t\t      \n\t\t\t\t    <\/div>\n\t\t\t\t\n\t\t\t\t  <\/div>\n\t\t\t\t<\/div>\n\n\n\t\t\t\t<script>\n\t\t\t\tjQuery(document).ready(function($) {\n\t\t\t\t\tjQuery('.opentwinvideo').click(function(e) {\n\t\t\t\t\t\te.preventDefault();\n\t\t\t\t\t\tjQuery(\"#twinvideo\").modal();\n\t\t\t\t\t\t\n\t\t\t\t\t\tif (jQuery(\"#twinvideoel\").get(0).paused) {\n\t\t\t\t\t\t       jQuery(\"#twinvideoel\").get(0).play();\n\t\t\t\t\t\t   } else {\n\t\t\t\t\t\t       jQuery(\"#twinvideoel\").get(0).pause();\n\t\t\t\t\t\t  }\n  \n\t\t\t\t\t});\n\t\t\t\t\n\t\t\t\t\tjQuery('#twinvideo').on('hidden.bs.modal', function () {\n\t\t\t\t\t  jQuery(\"#twinvideoel\").get(0).pause();\n\t\t\t\t\t});\n\t\t\t\t});\n\t\t\t\t<\/script>\n\n\t\t\t\n\t\t\t\t<div class=\"homepage-masonry\">\n\t\t\t\t\t\n\t\t\t\t\t<div class=\"col-lg-3 col-md-3 col-sm-3 col-xs-3 grid-sizer\"><\/div>\n\t\t\t\t\t\n\t\t\t\t\t\n\n\n\t\t\t\t\t<div class=\"col-lg-6 col-md-6 col-sm-6 col-xs-12 masonry-item double-height\">\n\t\t\t\t\t\t<div class=\"inner\" style=\"background-image: url(https:\/\/www.twinstone.be\/wp-content\/uploads\/video-bg.png);\">\n\t\t\t\t\t\t\t<a class=\"link opentwinvideo\" href=\"#\">\n\t\t\t\t\t\t\t\t<div class=\"caption\">\n\t\t\t\t\t\t\t\t\t<!--\n\t\t\t\t\t\t\t\t\t<h3>Bekijk het fotoalbum<\/h3>\n\t\t\t\t\t\t\t\t\t<h4>Een interieur om van te genieten<\/h4>\n\t\t\t\t\t\t\t\t\t-->\n\t\t\t\t\t\t\t\t\t<i class=\"fa fa-play\"><\/i>\n\n\t\t\t\t\t\t\t\t<\/div>\n\t\t\t\t\t\t\t<\/a>\n\t\t\t\t\t\t<\/div>\n\t\t\t\t\t<\/div>\n\t\t\t\t\t\n\t\t\t\t\t\n\t\t\t\t\t\n\t\t\t\t\t\n\t\t\t\t\t<!--\n\t\t\t\t\t<div class=\"col-lg-6 masonry-item double-height\">\n\t\t\t\t\t\t<div class=\"inner\" style=\"background-image: url(https:\/\/www.twinstone.be\/wp-content\/uploads\/shutterstock-366653684.jpg);\">\n\t\t\t\t\t\t\t<a class=\"link\" href=\"http:\/\/twin.sbxs.io\/fotoalbum\/\">\n\t\t\t\t\t\t\t\t<div class=\"caption\">\n\t\t\t\t\t\t\t\t\t<h3>Bekijk het fotoalbum<\/h3>\n\t\t\t\t\t\t\t\t\t<h4>Een interieur om van te genieten<\/h4>\n\t\t\t\t\t\t\t\t<\/div>\n\t\t\t\t\t\t\t<\/a>\n\t\t\t\t\t\t<\/div>\n\t\t\t\t\t<\/div>\n\t\t\t\t\t-->\n\t\t\t\t\t\n\t\t\t\t\t<div class=\"col-lg-3 col-md-3 col-sm-6 col-xs-12 masonry-item\">\n\t\t\t\t\t\t<div class=\"inner\" style=\"background-image: url(https:\/\/www.twinstone.be\/wp-content\/uploads\/kattevennen.png);\">\n\t\t\t\t\t\t\t\t\t\t\t\t\t\t<a class=\"link\" href=\"https:\/\/www.twinstone.be\/de\/kattevennen\/\">\n\t\t\t\t\t\t\t\t<div class=\"caption\">\n\t\t\t\t\t\t\t\t\t<h3>Kattevennen<\/h3>\n\t\t\t\t\t\t\t\t\t<h4>Entdecken Sie die Umgebung<\/h4>\n\t\t\t\t\t\t\t\t<\/div>\n\t\t\t\t\t\t\t<\/a>\n\t\t\t\t\t\t<\/div>\n\t\t\t\t\t<\/div>\n\t\t\t\t\t\t\t\t\n\t\t\t\t\t<div class=\"col-lg-3 col-md-3 col-sm-6 col-xs-12 masonry-item\">\n\t\t\t\t\t\t<div class=\"inner\" style=\"background-image: url(https:\/\/www.twinstone.be\/wp-content\/uploads\/54110259.png);\">\n\t\t\t\t\t\t\t\t\t\t\t\t\t\t<a class=\"link\" href=\"https:\/\/www.twinstone.be\/de\/ferienwohnung\/\">\n\t\t\t\t\t\t\t\t<div class=\"caption\">\n\t\t\t\t\t\t\t\t\t<h3>Ferienwohning<\/h3>\n\t\t\t\t\t\t\t\t\t<h4>Faciliteiten & praktische info<\/h4>\n\t\t\t\t\t\t\t\t<\/div>\n\t\t\t\t\t\t\t<\/a>\n\t\t\t\t\t\t<\/div>\n\t\t\t\t\t<\/div>\n\t\t\t\t\t\n\t\t\t\t\t<!--\n\t\t\t\t\t<div class=\"col-lg-6 masonry-item\">\n\t\t\t\t\t\t<div class=\"inner\" style=\"background-image: url(https:\/\/www.twinstone.be\/wp-content\/uploads\/shutterstock-383121376.png);\">\n\t\t\t\t\t\t\t<a class=\"link\" href=\"http:\/\/twin.sbxs.io\/reservatie\/\">\n\t\t\t\t\t\t\t\t<div class=\"caption\">\n\t\t\t\t\t\t\t\t\t<h3>Reservatie<\/h3>\n\t\t\t\t\t\t\t\t\t<h4>Bekijk snel de beschikbare periode om te boeken<\/h4>\n\t\t\t\t\t\t\t\t<\/div>\n\t\t\t\t\t\t\t<\/a>\n\t\t\t\t\t\t<\/div>\n\t\t\t\t\t<\/div>\n\t\t\t\t\t-->\n\t\t\t\t\n\t\t\t\t\n\n\t\t\t\t\n\t\t\t\t\t<div class=\"col-lg-3 col-md-3 col-sm-6 col-xs-12 masonry-item\">\n\t\t\t\t\t\t<div class=\"inner\" style=\"background-image: url(https:\/\/www.twinstone.be\/wp-content\/uploads\/54110259.png);\">\n\t\t\t\t\t\t\t\t\t\t\t\t\t\t<a class=\"link\" href=\"https:\/\/www.twinstone.be\/de\/fotoalbum\/\">\n\t\t\t\t\t\t\t\t<div class=\"caption\">\n\t\t\t\t\t\t\t\t\t<h3>Fotoalbum<\/h3>\n\t\t\t\t\t\t\t\t\t<h4>Entdecken Sie Twinstone Lodge<\/h4>\n\t\t\t\t\t\t\t\t<\/div>\n\t\t\t\t\t\t\t<\/a>\n\t\t\t\t\t\t<\/div>\n\t\t\t\t\t<\/div>\n\t\t\t\t\t\t\t\t\n\t\t\t\t\t<div class=\"col-lg-3 col-md-3 col-sm-6 col-xs-12 masonry-item\">\n\t\t\t\t\t\t<div class=\"inner\" style=\"background-image: url(https:\/\/www.twinstone.be\/wp-content\/uploads\/kattevennen.png);\">\n\t\t\t\t\t\t\t\t\t\t\t\t\t\t<a class=\"link\" href=\"https:\/\/www.twinstone.be\/de\/kontakt\/\">\n\t\t\t\t\t\t\t\t<div class=\"caption\">\n\t\t\t\t\t\t\t\t\t<h3>Kontakt<\/h3>\n\t\t\t\t\t\t\t\t\t<h4>Nehmen Sie Kontakt mit uns auf, einfach und schnell<\/h4>\n\t\t\t\t\t\t\t\t<\/div>\n\t\t\t\t\t\t\t<\/a>\n\t\t\t\t\t\t<\/div>\n\t\t\t\t\t<\/div>\n\t\t\t\t\t\n\t\t\t\t\t\n\t\t\t\t\t\n\t\t\t\t\t\n\t\t\t\t<\/div>\n\t\t\t\t\n\t\t\t\t\n\t\t\t[vc_empty_space height=&#8220;50&#8243;][\/vc_column][\/vc_row][vc_row equal_height=&#8220;yes&#8220; content_placement=&#8220;middle&#8220; sbxs_bg_class=&#8220;bg-light&#8220; sbxs_headings_class=&#8220;headings-dark&#8220; sbxs_text_class=&#8220;text-dark&#8220;][vc_column width=&#8220;1\/2&#8243; css=&#8220;.vc_custom_1523273977181{padding-top: 40px !important;padding-right: 40px !important;padding-bottom: 40px !important;padding-left: 40px !important;}&#8220;][vc_column_text el_class=&#8220;styled-title&#8220;]<\/p>\n<h2 style=\"text-align: center;\">Eine perfekte Route<\/h2>\n<p>[\/vc_column_text][vc_empty_space height=&#8220;20&#8243;][vc_column_text el_class=&#8220;styled-title&#8220;]<\/p>\n<p style=\"text-align: center;\">Twinstone Lodge<br \/>\nKattevennen<br \/>\n3600 Genk<br \/>\nBelgien<\/p>\n<p>[\/vc_column_text][vc_empty_space height=&#8220;20&#8243;][vc_column_text el_class=&#8220;styled-title&#8220;]<\/p>\n<p style=\"text-align: center;\">Folgen Sie ab dem Oosterring in H\u00f6he der Kreuzung am Krankenhaus Oost-Limburg (ZOL) den Schildern \u201eKattevennen\u201c. Folgen Sie auf dem Anwesen den Schildern \u201eTwinstone Lodge\u201c.<\/p>\n<p>[\/vc_column_text][vc_empty_space height=&#8220;60&#8243;][\/vc_column][vc_column width=&#8220;1\/2&#8243; css=&#8220;.vc_custom_1524232720714{padding-top: 0px !important;padding-right: 0px !important;padding-bottom: 0px !important;padding-left: 0px !important;background-position: center !important;background-repeat: no-repeat !important;background-size: cover !important;}&#8220;]\t\t\t\n\t\t\t\t\t\t\t\n<iframe loading=\"lazy\" width=\"100%\" height=\"600\" frameborder=\"0\" style=\"border:0\" src=\"https:\/\/www.google.com\/maps\/embed\/v1\/place?q=place_id:ChIJjZdLlbHewEcRaqVJZHsXeGs&amp;key=AIzaSyAqMl5tXe0KVXTwzAgHgGysTTtdvjx--Y0\" allowfullscreen><\/iframe>\n\t\t\t\t    \n\t\t\t[\/vc_column][\/vc_row][vc_row equal_height=&#8220;yes&#8220; content_placement=&#8220;middle&#8220; sbxs_bg_class=&#8220;bg-primary&#8220; sbxs_headings_class=&#8220;headings-white&#8220; sbxs_text_class=&#8220;text-white&#8220;][vc_column css=&#8220;.vc_custom_1523273977181{padding-top: 40px !important;padding-right: 40px !important;padding-bottom: 40px !important;padding-left: 40px !important;}&#8220;][vc_empty_space height=&#8220;60&#8243;][vc_column_text]<\/p>\n<h3 style=\"text-align: center;\">Twinstone lodge<\/h3>\n<p>[\/vc_column_text][vc_empty_space height=&#8220;16&#8243;][vc_column_text]<\/p>\n<p style=\"text-align: center;\">&#8222;the perfect place to be, is exactly where you are right now&#8220;<\/p>\n<p>[\/vc_column_text][vc_empty_space height=&#8220;60&#8243;][\/vc_column][\/vc_row]<\/p>\n","protected":false},"excerpt":{"rendered":"<p>[vc_row css=&#8220;.vc_custom_1522851111673{background-image: url(https:\/\/www.twinstone.be\/wp-content\/uploads\/56369609.jpg?id=1986) !important;background-position: center !important;background-repeat: no-repeat !important;background-size: cover !important;}&#8220;][vc_column css=&#8220;.vc_custom_1524421615013{padding-right: 0px !important;padding-bottom: 0px !important;padding-left: 0px !important;background-color: rgba(255,255,255,0.15) !important;*background-color: rgb(255,255,255) !important;}&#8220;][vc_empty_space height=&#8220;370&#8243;][\/vc_column][\/vc_row][vc_row sbxs_bg_class=&#8220;bg-white&#8220; css=&#8220;.vc_custom_1524486887282{padding-top: 40px !important;padding-bottom: 40px !important;}&#8220;][vc_column][vc_empty_space height=&#8220;75&#8243;][vc_column_text el_class=&#8220;styled-title-center&#8220;] Business [\/vc_column_text][vc_empty_space height=&#8220;20&#8243;][\/vc_column][\/vc_row][vc_row sbxs_bg_class=&#8220;bg-white&#8220; el_class=&#8220;shadow-row&#8220;][vc_column width=&#8220;1\/2&#8243;][vc_column_text] Teambuildings, Workshops, Schulungen, Sitzungen, &#8230; [\/vc_column_text][vc_empty_space height=&#8220;20&#8243;][vc_column_text]Planen Sie Ihre Veranstaltung in einer modernen, inspirierenden Privatumgebung! In Twinstone Lodge kann<\/p>\n","protected":false},"author":1,"featured_media":0,"parent":0,"menu_order":0,"comment_status":"closed","ping_status":"closed","template":"","meta":{"_acf_changed":false,"footnotes":""},"class_list":["post-2417","page","type-page","status-publish","hentry"],"acf":[],"_links":{"self":[{"href":"https:\/\/www.twinstone.be\/de\/wp-json\/wp\/v2\/pages\/2417","targetHints":{"allow":["GET"]}}],"collection":[{"href":"https:\/\/www.twinstone.be\/de\/wp-json\/wp\/v2\/pages"}],"about":[{"href":"https:\/\/www.twinstone.be\/de\/wp-json\/wp\/v2\/types\/page"}],"author":[{"embeddable":true,"href":"https:\/\/www.twinstone.be\/de\/wp-json\/wp\/v2\/users\/1"}],"replies":[{"embeddable":true,"href":"https:\/\/www.twinstone.be\/de\/wp-json\/wp\/v2\/comments?post=2417"}],"version-history":[{"count":5,"href":"https:\/\/www.twinstone.be\/de\/wp-json\/wp\/v2\/pages\/2417\/revisions"}],"predecessor-version":[{"id":2558,"href":"https:\/\/www.twinstone.be\/de\/wp-json\/wp\/v2\/pages\/2417\/revisions\/2558"}],"wp:attachment":[{"href":"https:\/\/www.twinstone.be\/de\/wp-json\/wp\/v2\/media?parent=2417"}],"curies":[{"name":"wp","href":"https:\/\/api.w.org\/{rel}","templated":true}]}}