{"id":2314,"date":"2018-04-24T13:17:27","date_gmt":"2018-04-24T11:17:27","guid":{"rendered":"https:\/\/www.twinstone.be\/?page_id=2314"},"modified":"2025-05-24T15:15:43","modified_gmt":"2025-05-24T13:15:43","slug":"ferienwohnung","status":"publish","type":"page","link":"https:\/\/www.twinstone.be\/de\/ferienwohnung\/","title":{"rendered":"Ferienwohnung"},"content":{"rendered":"<p>[vc_row css=&#8220;.vc_custom_1522851111673{background-image: url(https:\/\/www.twinstone.be\/wp-content\/uploads\/56369609.jpg?id=1986) !important;background-position: center !important;background-repeat: no-repeat !important;background-size: cover !important;}&#8220;][vc_column css=&#8220;.vc_custom_1524421615013{padding-right: 0px !important;padding-bottom: 0px !important;padding-left: 0px !important;background-color: rgba(255,255,255,0.15) !important;*background-color: rgb(255,255,255) !important;}&#8220;][vc_empty_space height=&#8220;370&#8243;]\t\t\t<div class=\"boeking-formulier\" id=\"book\">\n\t\t\t\t<button type=\"button\" class=\"btnCheckAvail mytourist-open-modal\">Jetzt buchen<\/button>\n\t\t\t\t<div class=\"clearfix\"><\/div>\n\t\t\t<\/div>\n\t\t[\/vc_column][\/vc_row][vc_row sbxs_bg_class=&#8220;bg-white&#8220; css=&#8220;.vc_custom_1524486887282{padding-top: 40px !important;padding-bottom: 40px !important;}&#8220;][vc_column][vc_empty_space height=&#8220;75&#8243;][vc_column_text el_class=&#8220;styled-title-center&#8220;]<\/p>\n<h2 style=\"text-align: center;\">Ferienwohnung<\/h2>\n<p>[\/vc_column_text][vc_empty_space height=&#8220;20&#8243;][\/vc_column][\/vc_row][vc_row sbxs_bg_class=&#8220;bg-white&#8220; css=&#8220;.vc_custom_1524487718842{padding-top: 40px !important;padding-right: 40px !important;padding-bottom: 40px !important;padding-left: 40px !important;}&#8220;][vc_column width=&#8220;1\/2&#8243;][vc_column_text]<\/p>\n<h3>Blackstone (16 Personen)<\/h3>\n<p>[\/vc_column_text][vc_empty_space height=&#8220;20&#8243;][vc_column_text]Verf\u00fcgt \u00fcber 6 Schlafzimmer. Sehr ger\u00e4umiger Wohnbereich mit Terrasse. Der Wohnbereich ist mit einem Projektor und Bildschirm ausgestattet, sodass dieser Raum f\u00fcr Pr\u00e4sentationen oder Schulungen genutzt werden kann. Die K\u00fcche ist mit semi-professionellen Ger\u00e4ten ausger\u00fcstet, mit denen sich Mahlzeiten f\u00fcr 28 Personen zubereiten lassen.[\/vc_column_text][vc_column_text]<\/p>\n<h4>EINTEILUNG<\/h4>\n<p>[\/vc_column_text][vc_column_text]<\/p>\n<table>\n<tbody>\n<tr>\n<td>WOHNZIMMER<\/td>\n<td>\u2013 Fernseher<br \/>\n\u2013 Overhead-Projektor<br \/>\n\u2013 Besprechungsbildschirm<\/td>\n<\/tr>\n<tr>\n<td>K\u00dcCHE<\/td>\n<td>\u2013 Ofen\/Herd<br \/>\n\u2013 K\u00fchlschrank\/Tiefk\u00fchltruhe<br \/>\n\u2013 Mikrowelle<br \/>\n\u2013 Geschirrsp\u00fcler<\/td>\n<\/tr>\n<tr>\n<td>ABSTELLRAUM<\/td>\n<td>\u2013 Trockner<br \/>\n\u2013 Waschmaschine<\/td>\n<\/tr>\n<tr>\n<td>ZIMMERAUFTEILUNG<\/td>\n<td>\u2013 Zimmer 1: Doppelzimmer<br \/>\n\u2013 Zimmer 2: Doppelzimmer<br \/>\n\u2013 Zimmer 3: Doppelzimmer, mit angrenzendem Badezimmer<br \/>\n\u2013 Zimmer 4: Doppelzimmer<br \/>\n\u2013 Zimmer 5: Vierbettzimmer mit Etagenbetten<br \/>\n\u2013 Kamer 6: Vierbettzimmer mit einem Doppelbett und einem Etagenbett, mit angrenzendem Badezimmer<br \/>\n\u2013 2 getrennte Badezimmer, davon ein behindertengerechtes Badezimmer<\/td>\n<\/tr>\n<\/tbody>\n<\/table>\n<p>[\/vc_column_text][\/vc_column][vc_column width=&#8220;1\/2&#8243;][vc_single_image image=&#8220;2174&#8243; img_size=&#8220;400&#215;600&#8243; alignment=&#8220;center&#8220; style=&#8220;vc_box_rounded&#8220;][\/vc_column][\/vc_row][vc_row sbxs_bg_class=&#8220;bg-white&#8220;][vc_column][vc_separator color=&#8220;custom&#8220; border_width=&#8220;2&#8243; el_width=&#8220;70&#8243; accent_color=&#8220;#849a83&#8243; css=&#8220;.vc_custom_1524488260125{padding-top: 40px !important;padding-bottom: 40px !important;}&#8220;][\/vc_column][\/vc_row][vc_row sbxs_bg_class=&#8220;bg-white&#8220; css=&#8220;.vc_custom_1524486986011{padding-top: 40px !important;padding-right: 40px !important;padding-bottom: 40px !important;padding-left: 40px !important;}&#8220;][vc_column width=&#8220;1\/2&#8243;][vc_single_image image=&#8220;2176&#8243; img_size=&#8220;400&#215;600&#8243; alignment=&#8220;center&#8220; style=&#8220;vc_box_rounded&#8220;][\/vc_column][vc_column width=&#8220;1\/2&#8243;][vc_column_text]<\/p>\n<h3>Whitestone (12 Personen)<\/h3>\n<p>[\/vc_column_text][vc_empty_space height=&#8220;20&#8243;][vc_column_text]Verf\u00fcgt \u00fcber 4 Schlafzimmer.<br \/>\nDer Wohnbereich und die K\u00fcche bilden eine Einheit und bieten Zugang zur Terrasse.[\/vc_column_text][vc_column_text]<\/p>\n<h4>INDELING<\/h4>\n<p>[\/vc_column_text][vc_column_text]<\/p>\n<table>\n<tbody>\n<tr>\n<td>WHONZIMMER<\/td>\n<td>\n<ul>\n<li>&#8211; Fernseher<\/li>\n<\/ul>\n<\/td>\n<\/tr>\n<tr>\n<td>K\u00dcCHE<\/td>\n<td>\n<ul>\n<li>&#8211; Ofen\/Herd<\/li>\n<li>&#8211; K\u00fchlschrank\/Tiefk\u00fchltruhe<\/li>\n<li>&#8211; Mikrowelle<\/li>\n<li>&#8211; Geschirrsp\u00fcler<\/li>\n<\/ul>\n<\/td>\n<\/tr>\n<tr>\n<td>ABSTELLRAUM<\/td>\n<td>\n<ul>\n<li>&#8211; Trockner<\/li>\n<li>&#8211; Waschmaschine<\/li>\n<\/ul>\n<\/td>\n<\/tr>\n<tr>\n<td>ZIMMERAUFTEILUBG<\/td>\n<td>\n<ul>\n<li>&#8211; Zimmer 1: Doppelzimmer<\/li>\n<li>&#8211; Zimmer 2: Doppelzimmer<\/li>\n<li>&#8211; Zimmer 3: Vierbettzimmer mit einem Doppelbett und einem Etagenbett<\/li>\n<li>&#8211; Zimmer 4: Vierbettzimmer mit einem Doppelbett und einem Etagenbett, mit angrenzendem Badezimmer<\/li>\n<li>&#8211; 2 getrennte Badezimmer, davon ein behindertengerechtes Badezimmer<\/li>\n<\/ul>\n<\/td>\n<\/tr>\n<\/tbody>\n<\/table>\n<p>[\/vc_column_text][\/vc_column][\/vc_row][vc_row sbxs_bg_class=&#8220;bg-white&#8220;][vc_column][vc_separator color=&#8220;custom&#8220; border_width=&#8220;2&#8243; el_width=&#8220;70&#8243; accent_color=&#8220;#849a83&#8243; css=&#8220;.vc_custom_1524488260125{padding-top: 40px !important;padding-bottom: 40px !important;}&#8220;][\/vc_column][\/vc_row][vc_row sbxs_bg_class=&#8220;bg-white&#8220; css=&#8220;.vc_custom_1524515935357{padding-top: 40px !important;padding-right: 40px !important;padding-bottom: 40px !important;padding-left: 40px !important;}&#8220; el_class=&#8220;shadow-row&#8220;][vc_column][vc_column_text]<\/p>\n<h3 style=\"text-align: center;\">GEMEINSCHAFTSRAUM<\/h3>\n<p>[\/vc_column_text][vc_empty_space height=&#8220;20&#8243;][vc_column_text]<\/p>\n<p style=\"text-align: center;\">Beide Wohnbereiche lassen sich problemlos miteinander verbinden.<br \/>\nDer zentrale Eingang bietet Zugang zum Entspannungsraum, wo Sauna und Dampfbad die M\u00f6glichkeit bieten, zur Ruhe zu kommen.<br \/>\nDie Ferienwohnung ist f\u00fcr Rollstuhlfahrer zug\u00e4nglich. Haustiere sind nicht erlaubt.<\/p>\n<p>[\/vc_column_text][vc_empty_space height=&#8220;20&#8243;][vc_column_text]<\/p>\n<p style=\"text-align: center;\">Die Miete von Handt\u00fcchern und Bett\u00fcchern ist m\u00f6glich.<\/p>\n<p>[\/vc_column_text][\/vc_column][\/vc_row][vc_row sbxs_bg_class=&#8220;bg-white&#8220; sbxs_headings_class=&#8220;headings-dark&#8220; sbxs_text_class=&#8220;text-dark&#8220;][vc_column][vc_empty_space height=&#8220;75&#8243;][vc_column_text el_class=&#8220;styled-title-center&#8220;]<\/p>\n<h2 style=\"text-align: center;\">Entdecken Sie Twinstone Lodge<\/h2>\n<p>[\/vc_column_text][vc_column_text el_class=&#8220;styled-subtext&#8220;]<\/p>\n<p style=\"text-align: center;\">\u201dAdventure Awaits, Go find it.\u201d<\/p>\n<p>[\/vc_column_text][vc_empty_space height=&#8220;50&#8243;]\t\t\t\t\n\t\t\t\t<!-- Modal -->\n\t\t\t\t<div id=\"twinvideo\" class=\"modal fade\" role=\"dialog\">\n\t\t\t\t  <div class=\"modal-dialog\">\n\t\t\t\t\n\t\t\t\t    <!-- Modal content-->\n\t\t\t\t    <div class=\"modal-content\">\n\t\t\t\t\t    \n\t\t\t\t      <div class=\"modal-header\">\n\t\t\t\t        <button type=\"button\" class=\"close\" data-dismiss=\"modal\">&times;<\/button>\n\t\t\t\t      <\/div>\n\t\t\t\t      \n\t\t\t\t      <div class=\"modal-body\">\n\t\t\t\t      \t<video id=\"twinvideoel\" controls src=\"https:\/\/www.twinstone.be\/wp-content\/uploads\/twinstone-lodge-video.mp4\"><\/video>\n\t\t\t\t      <\/div>\n\t\t\t\t      \n\t\t\t\t    <\/div>\n\t\t\t\t\n\t\t\t\t  <\/div>\n\t\t\t\t<\/div>\n\n\n\t\t\t\t<script>\n\t\t\t\tjQuery(document).ready(function($) {\n\t\t\t\t\tjQuery('.opentwinvideo').click(function(e) {\n\t\t\t\t\t\te.preventDefault();\n\t\t\t\t\t\tjQuery(\"#twinvideo\").modal();\n\t\t\t\t\t\t\n\t\t\t\t\t\tif (jQuery(\"#twinvideoel\").get(0).paused) {\n\t\t\t\t\t\t       jQuery(\"#twinvideoel\").get(0).play();\n\t\t\t\t\t\t   } else {\n\t\t\t\t\t\t       jQuery(\"#twinvideoel\").get(0).pause();\n\t\t\t\t\t\t  }\n  \n\t\t\t\t\t});\n\t\t\t\t\n\t\t\t\t\tjQuery('#twinvideo').on('hidden.bs.modal', function () {\n\t\t\t\t\t  jQuery(\"#twinvideoel\").get(0).pause();\n\t\t\t\t\t});\n\t\t\t\t});\n\t\t\t\t<\/script>\n\n\t\t\t\n\t\t\t\t<div class=\"homepage-masonry\">\n\t\t\t\t\t\n\t\t\t\t\t<div class=\"col-lg-3 col-md-3 col-sm-3 col-xs-3 grid-sizer\"><\/div>\n\t\t\t\t\t\n\t\t\t\t\t\n\n\n\t\t\t\t\t<div class=\"col-lg-6 col-md-6 col-sm-6 col-xs-12 masonry-item double-height\">\n\t\t\t\t\t\t<div class=\"inner\" style=\"background-image: url(https:\/\/www.twinstone.be\/wp-content\/uploads\/video-bg.png);\">\n\t\t\t\t\t\t\t<a class=\"link opentwinvideo\" href=\"#\">\n\t\t\t\t\t\t\t\t<div class=\"caption\">\n\t\t\t\t\t\t\t\t\t<!--\n\t\t\t\t\t\t\t\t\t<h3>Bekijk het fotoalbum<\/h3>\n\t\t\t\t\t\t\t\t\t<h4>Een interieur om van te genieten<\/h4>\n\t\t\t\t\t\t\t\t\t-->\n\t\t\t\t\t\t\t\t\t<i class=\"fa fa-play\"><\/i>\n\n\t\t\t\t\t\t\t\t<\/div>\n\t\t\t\t\t\t\t<\/a>\n\t\t\t\t\t\t<\/div>\n\t\t\t\t\t<\/div>\n\t\t\t\t\t\n\t\t\t\t\t\n\t\t\t\t\t\n\t\t\t\t\t\n\t\t\t\t\t<!--\n\t\t\t\t\t<div class=\"col-lg-6 masonry-item double-height\">\n\t\t\t\t\t\t<div class=\"inner\" style=\"background-image: url(https:\/\/www.twinstone.be\/wp-content\/uploads\/shutterstock-366653684.jpg);\">\n\t\t\t\t\t\t\t<a class=\"link\" href=\"http:\/\/twin.sbxs.io\/fotoalbum\/\">\n\t\t\t\t\t\t\t\t<div class=\"caption\">\n\t\t\t\t\t\t\t\t\t<h3>Bekijk het fotoalbum<\/h3>\n\t\t\t\t\t\t\t\t\t<h4>Een interieur om van te genieten<\/h4>\n\t\t\t\t\t\t\t\t<\/div>\n\t\t\t\t\t\t\t<\/a>\n\t\t\t\t\t\t<\/div>\n\t\t\t\t\t<\/div>\n\t\t\t\t\t-->\n\t\t\t\t\t\n\t\t\t\t\t<div class=\"col-lg-3 col-md-3 col-sm-6 col-xs-12 masonry-item\">\n\t\t\t\t\t\t<div class=\"inner\" style=\"background-image: url(https:\/\/www.twinstone.be\/wp-content\/uploads\/kattevennen.png);\">\n\t\t\t\t\t\t\t\t\t\t\t\t\t\t<a class=\"link\" href=\"https:\/\/www.twinstone.be\/de\/kattevennen\/\">\n\t\t\t\t\t\t\t\t<div class=\"caption\">\n\t\t\t\t\t\t\t\t\t<h3>Kattevennen<\/h3>\n\t\t\t\t\t\t\t\t\t<h4>Entdecken Sie die Umgebung<\/h4>\n\t\t\t\t\t\t\t\t<\/div>\n\t\t\t\t\t\t\t<\/a>\n\t\t\t\t\t\t<\/div>\n\t\t\t\t\t<\/div>\n\t\t\t\t\t\t\t\t\n\t\t\t\t\t<div class=\"col-lg-3 col-md-3 col-sm-6 col-xs-12 masonry-item\">\n\t\t\t\t\t\t<div class=\"inner\" style=\"background-image: url(https:\/\/www.twinstone.be\/wp-content\/uploads\/54110259.png);\">\n\t\t\t\t\t\t\t\t\t\t\t\t\t\t<a class=\"link\" href=\"https:\/\/www.twinstone.be\/de\/ferienwohnung\/\">\n\t\t\t\t\t\t\t\t<div class=\"caption\">\n\t\t\t\t\t\t\t\t\t<h3>Ferienwohning<\/h3>\n\t\t\t\t\t\t\t\t\t<h4>Faciliteiten & praktische info<\/h4>\n\t\t\t\t\t\t\t\t<\/div>\n\t\t\t\t\t\t\t<\/a>\n\t\t\t\t\t\t<\/div>\n\t\t\t\t\t<\/div>\n\t\t\t\t\t\n\t\t\t\t\t<!--\n\t\t\t\t\t<div class=\"col-lg-6 masonry-item\">\n\t\t\t\t\t\t<div class=\"inner\" style=\"background-image: url(https:\/\/www.twinstone.be\/wp-content\/uploads\/shutterstock-383121376.png);\">\n\t\t\t\t\t\t\t<a class=\"link\" href=\"http:\/\/twin.sbxs.io\/reservatie\/\">\n\t\t\t\t\t\t\t\t<div class=\"caption\">\n\t\t\t\t\t\t\t\t\t<h3>Reservatie<\/h3>\n\t\t\t\t\t\t\t\t\t<h4>Bekijk snel de beschikbare periode om te boeken<\/h4>\n\t\t\t\t\t\t\t\t<\/div>\n\t\t\t\t\t\t\t<\/a>\n\t\t\t\t\t\t<\/div>\n\t\t\t\t\t<\/div>\n\t\t\t\t\t-->\n\t\t\t\t\n\t\t\t\t\n\n\t\t\t\t\n\t\t\t\t\t<div class=\"col-lg-3 col-md-3 col-sm-6 col-xs-12 masonry-item\">\n\t\t\t\t\t\t<div class=\"inner\" style=\"background-image: url(https:\/\/www.twinstone.be\/wp-content\/uploads\/54110259.png);\">\n\t\t\t\t\t\t\t\t\t\t\t\t\t\t<a class=\"link\" href=\"https:\/\/www.twinstone.be\/de\/fotoalbum\/\">\n\t\t\t\t\t\t\t\t<div class=\"caption\">\n\t\t\t\t\t\t\t\t\t<h3>Fotoalbum<\/h3>\n\t\t\t\t\t\t\t\t\t<h4>Entdecken Sie Twinstone Lodge<\/h4>\n\t\t\t\t\t\t\t\t<\/div>\n\t\t\t\t\t\t\t<\/a>\n\t\t\t\t\t\t<\/div>\n\t\t\t\t\t<\/div>\n\t\t\t\t\t\t\t\t\n\t\t\t\t\t<div class=\"col-lg-3 col-md-3 col-sm-6 col-xs-12 masonry-item\">\n\t\t\t\t\t\t<div class=\"inner\" style=\"background-image: url(https:\/\/www.twinstone.be\/wp-content\/uploads\/kattevennen.png);\">\n\t\t\t\t\t\t\t\t\t\t\t\t\t\t<a class=\"link\" href=\"https:\/\/www.twinstone.be\/de\/kontakt\/\">\n\t\t\t\t\t\t\t\t<div class=\"caption\">\n\t\t\t\t\t\t\t\t\t<h3>Kontakt<\/h3>\n\t\t\t\t\t\t\t\t\t<h4>Nehmen Sie Kontakt mit uns auf, einfach und schnell<\/h4>\n\t\t\t\t\t\t\t\t<\/div>\n\t\t\t\t\t\t\t<\/a>\n\t\t\t\t\t\t<\/div>\n\t\t\t\t\t<\/div>\n\t\t\t\t\t\n\t\t\t\t\t\n\t\t\t\t\t\n\t\t\t\t\t\n\t\t\t\t<\/div>\n\t\t\t\t\n\t\t\t\t\n\t\t\t[vc_empty_space height=&#8220;50&#8243;][\/vc_column][\/vc_row][vc_row equal_height=&#8220;yes&#8220; content_placement=&#8220;middle&#8220; sbxs_bg_class=&#8220;bg-light&#8220; sbxs_headings_class=&#8220;headings-dark&#8220; sbxs_text_class=&#8220;text-dark&#8220;][vc_column width=&#8220;1\/2&#8243; css=&#8220;.vc_custom_1523273977181{padding-top: 40px !important;padding-right: 40px !important;padding-bottom: 40px !important;padding-left: 40px !important;}&#8220;][vc_column_text el_class=&#8220;styled-title&#8220;]<\/p>\n<h2 style=\"text-align: center;\">Eine perfekte Route<\/h2>\n<p>[\/vc_column_text][vc_empty_space height=&#8220;20&#8243;][vc_column_text el_class=&#8220;styled-title&#8220;]<\/p>\n<p style=\"text-align: center;\">Twinstone Lodge<br \/>\nKattevennen<br \/>\n3600 Genk<br \/>\nBelgien<\/p>\n<p>[\/vc_column_text][vc_empty_space height=&#8220;20&#8243;][vc_column_text el_class=&#8220;styled-title&#8220;]<\/p>\n<p style=\"text-align: center;\">Folgen Sie ab dem Oosterring in H\u00f6he der Kreuzung am Krankenhaus Oost-Limburg (ZOL) den Schildern \u201eKattevennen\u201c. Folgen Sie auf dem Anwesen den Schildern \u201eTwinstone Lodge\u201c.<\/p>\n<p>[\/vc_column_text][vc_empty_space height=&#8220;60&#8243;][\/vc_column][vc_column width=&#8220;1\/2&#8243; css=&#8220;.vc_custom_1524232720714{padding-top: 0px !important;padding-right: 0px !important;padding-bottom: 0px !important;padding-left: 0px !important;background-position: center !important;background-repeat: no-repeat !important;background-size: cover !important;}&#8220;]\t\t\t\n\t\t\t\t\t\t\t\n<iframe loading=\"lazy\" width=\"100%\" height=\"600\" frameborder=\"0\" style=\"border:0\" src=\"https:\/\/www.google.com\/maps\/embed\/v1\/place?q=place_id:ChIJjZdLlbHewEcRaqVJZHsXeGs&amp;key=AIzaSyAqMl5tXe0KVXTwzAgHgGysTTtdvjx--Y0\" allowfullscreen><\/iframe>\n\t\t\t\t    \n\t\t\t[\/vc_column][\/vc_row][vc_row equal_height=&#8220;yes&#8220; content_placement=&#8220;middle&#8220; sbxs_bg_class=&#8220;bg-primary&#8220; sbxs_headings_class=&#8220;headings-white&#8220; sbxs_text_class=&#8220;text-white&#8220;][vc_column css=&#8220;.vc_custom_1523273977181{padding-top: 40px !important;padding-right: 40px !important;padding-bottom: 40px !important;padding-left: 40px !important;}&#8220;][vc_empty_space height=&#8220;60&#8243;][vc_column_text]<\/p>\n<h3 style=\"text-align: center;\">Twinstonelodge<\/h3>\n<p>[\/vc_column_text][vc_empty_space height=&#8220;16&#8243;][vc_column_text]<\/p>\n<p style=\"text-align: center;\">&#8222;the perfect place to be, is exactly where you are right now&#8220;<\/p>\n<p>[\/vc_column_text][vc_empty_space height=&#8220;60&#8243;][\/vc_column][\/vc_row]<\/p>\n","protected":false},"excerpt":{"rendered":"<p>[vc_row css=&#8220;.vc_custom_1522851111673{background-image: url(https:\/\/www.twinstone.be\/wp-content\/uploads\/56369609.jpg?id=1986) !important;background-position: center !important;background-repeat: no-repeat !important;background-size: cover !important;}&#8220;][vc_column css=&#8220;.vc_custom_1524421615013{padding-right: 0px !important;padding-bottom: 0px !important;padding-left: 0px !important;background-color: rgba(255,255,255,0.15) !important;*background-color: rgb(255,255,255) !important;}&#8220;][vc_empty_space height=&#8220;370&#8243;][\/vc_column][\/vc_row][vc_row sbxs_bg_class=&#8220;bg-white&#8220; css=&#8220;.vc_custom_1524486887282{padding-top: 40px !important;padding-bottom: 40px !important;}&#8220;][vc_column][vc_empty_space height=&#8220;75&#8243;][vc_column_text el_class=&#8220;styled-title-center&#8220;] Ferienwohnung [\/vc_column_text][vc_empty_space height=&#8220;20&#8243;][\/vc_column][\/vc_row][vc_row sbxs_bg_class=&#8220;bg-white&#8220; css=&#8220;.vc_custom_1524487718842{padding-top: 40px !important;padding-right: 40px !important;padding-bottom: 40px !important;padding-left: 40px !important;}&#8220;][vc_column width=&#8220;1\/2&#8243;][vc_column_text] Blackstone (16 Personen) [\/vc_column_text][vc_empty_space height=&#8220;20&#8243;][vc_column_text]Verf\u00fcgt \u00fcber 6 Schlafzimmer. Sehr ger\u00e4umiger Wohnbereich<\/p>\n","protected":false},"author":1,"featured_media":0,"parent":0,"menu_order":0,"comment_status":"closed","ping_status":"closed","template":"","meta":{"_acf_changed":false,"footnotes":""},"class_list":["post-2314","page","type-page","status-publish","hentry"],"acf":[],"_links":{"self":[{"href":"https:\/\/www.twinstone.be\/de\/wp-json\/wp\/v2\/pages\/2314","targetHints":{"allow":["GET"]}}],"collection":[{"href":"https:\/\/www.twinstone.be\/de\/wp-json\/wp\/v2\/pages"}],"about":[{"href":"https:\/\/www.twinstone.be\/de\/wp-json\/wp\/v2\/types\/page"}],"author":[{"embeddable":true,"href":"https:\/\/www.twinstone.be\/de\/wp-json\/wp\/v2\/users\/1"}],"replies":[{"embeddable":true,"href":"https:\/\/www.twinstone.be\/de\/wp-json\/wp\/v2\/comments?post=2314"}],"version-history":[{"count":9,"href":"https:\/\/www.twinstone.be\/de\/wp-json\/wp\/v2\/pages\/2314\/revisions"}],"predecessor-version":[{"id":3078,"href":"https:\/\/www.twinstone.be\/de\/wp-json\/wp\/v2\/pages\/2314\/revisions\/3078"}],"wp:attachment":[{"href":"https:\/\/www.twinstone.be\/de\/wp-json\/wp\/v2\/media?parent=2314"}],"curies":[{"name":"wp","href":"https:\/\/api.w.org\/{rel}","templated":true}]}}