{"id":2306,"date":"2018-04-24T13:16:33","date_gmt":"2018-04-24T11:16:33","guid":{"rendered":"https:\/\/www.twinstone.be\/?page_id=2306"},"modified":"2022-07-31T13:34:36","modified_gmt":"2022-07-31T11:34:36","slug":"home","status":"publish","type":"page","link":"https:\/\/www.twinstone.be\/de\/","title":{"rendered":"Home"},"content":{"rendered":"<p>[vc_row css=&#8220;.vc_custom_1522851111673{background-image: url(https:\/\/www.twinstone.be\/wp-content\/uploads\/56369609.jpg?id=1986) !important;background-position: center !important;background-repeat: no-repeat !important;background-size: cover !important;}&#8220;][vc_column css=&#8220;.vc_custom_1524421615013{padding-right: 0px !important;padding-bottom: 0px !important;padding-left: 0px !important;background-color: rgba(255,255,255,0.15) !important;*background-color: rgb(255,255,255) !important;}&#8220;][vc_empty_space height=&#8220;370&#8243;]\t\t\t<div class=\"boeking-formulier\" id=\"book\">\n\t\t\t\t<button type=\"button\" class=\"btnCheckAvail mytourist-open-modal\">Jetzt buchen<\/button>\n\t\t\t\t<div class=\"clearfix\"><\/div>\n\t\t\t<\/div>\n\t\t[\/vc_column][\/vc_row][vc_row sbxs_bg_class=&#8220;bg-white&#8220; sbxs_headings_class=&#8220;headings-dark&#8220; sbxs_text_class=&#8220;text-dark&#8220;][vc_column][vc_empty_space height=&#8220;75&#8243;][vc_column_text el_class=&#8220;styled-title-center&#8220;]<\/p>\n<h2 style=\"text-align: center;\">Entdecken Sie Twinstone hier<\/h2>\n<p>[\/vc_column_text][vc_column_text el_class=&#8220;styled-subtext&#8220;]<\/p>\n<p style=\"text-align: center;\">\u201cSometimes the most productive thing you can do is relax.\u201d<\/p>\n<p>[\/vc_column_text][vc_empty_space height=&#8220;50&#8243;][vc_row_inner el_class=&#8220;row-cards&#8220; css=&#8220;.vc_custom_1524473009442{padding-right: 32px !important;padding-left: 32px !important;}&#8220;][vc_column_inner width=&#8220;1\/3&#8243; css=&#8220;.vc_custom_1524472945378{padding-right: 16px !important;padding-left: 16px !important;}&#8220;]\n\t\t\t\t\n\t\t\t\t<div class=\"diamond\" style=\"background-image:url(https:\/\/www.twinstone.be\/wp-content\/uploads\/54110259-400x400.jpg);\">\n\t\t\t\t\t<div class=\"overlay\"><\/div>\n\t\t\t\t\t<div class=\"overlay border\"><\/div>\n\t\t\t\t\t<div class=\"overlay hoekje\"><\/div>\n\n\t\t\t\t<\/div>\n\n\t\t\t[vc_empty_space][vc_column_text]<\/p>\n<h3 style=\"text-align: center;\">Wundersch\u00f6ne Umgebung<\/h3>\n<p>[\/vc_column_text][vc_empty_space height=&#8220;16&#8243;][vc_column_text]<\/p>\n<p style=\"font-weight: 400; text-align: center;\">Kattevennen ist eines der sechs Zugangstore zum Nationalpark Hoge Kempen. Neben einem Besuch des Cosmodrome mit seinen neuen Cosmodrome-Shows kann man dort nat\u00fcrlich auch Fahrrad fahren, wandern oder Minigolf spielen. Dar\u00fcber hinaus kann man auf der gem\u00fctlichen Terrasse der Brasserie \u201eDe Krater\u201c mit Sicht auf den Spielplatz \u201eSpeelplaneet\u201c herrlich entspannen. Kurz: Genie\u00dfen Sie die Ruhe und Entspannung in der waldreichen Umgebung. <a href=\"https:\/\/www.twinstone.be\/de\/contact\/\">Kontaktieren Sie uns<\/a><\/p>\n<p>[\/vc_column_text][\/vc_column_inner][vc_column_inner width=&#8220;1\/3&#8243; css=&#8220;.vc_custom_1524472953026{padding-right: 16px !important;padding-left: 16px !important;}&#8220;]\n\t\t\t\t\n\t\t\t\t<div class=\"diamond\" style=\"background-image:url(https:\/\/www.twinstone.be\/wp-content\/uploads\/IMG-1288-400x400.jpg);\">\n\t\t\t\t\t<div class=\"overlay\"><\/div>\n\t\t\t\t\t<div class=\"overlay border\"><\/div>\n\t\t\t\t\t<div class=\"overlay hoekje\"><\/div>\n\n\t\t\t\t<\/div>\n\n\t\t\t[vc_empty_space][vc_column_text]<\/p>\n<h3 style=\"text-align: center;\">Gro\u00dfz\u00fcgige Zimmer<\/h3>\n<p>[\/vc_column_text][vc_empty_space height=&#8220;16&#8243;][vc_column_text]<\/p>\n<p style=\"text-align: center;\">Die Wohnung besteht aus zwei Teilen, die gesondert gemietet werden k\u00f6nnen. Der erste Teil bietet Platz f\u00fcr 16 Personen, im zweiten Teil k\u00f6nnen sich 12 Personen aufhalten.<br \/>\nDank des modularen Aufbaus der Wohnung ist es ohne weiteres m\u00f6glich, die Wohnung als Ganzes f\u00fcr 28 Personen zu mieten.<\/p>\n<p>[\/vc_column_text][\/vc_column_inner][vc_column_inner width=&#8220;1\/3&#8243; css=&#8220;.vc_custom_1524472959937{padding-right: 16px !important;padding-left: 16px !important;}&#8220;]\n\t\t\t\t\n\t\t\t\t<div class=\"diamond\" style=\"background-image:url(https:\/\/www.twinstone.be\/wp-content\/uploads\/IMG-1271-1-400x400.jpg);\">\n\t\t\t\t\t<div class=\"overlay\"><\/div>\n\t\t\t\t\t<div class=\"overlay border\"><\/div>\n\t\t\t\t\t<div class=\"overlay hoekje\"><\/div>\n\n\t\t\t\t<\/div>\n\n\t\t\t[vc_empty_space][vc_column_text]<\/p>\n<h3 style=\"text-align: center;\">Endlos entspannen<\/h3>\n<p>[\/vc_column_text][vc_empty_space height=&#8220;16&#8243;][vc_column_text]<\/p>\n<p style=\"text-align: center;\">Twinstone Lodge ist ausgestattet, um Ihren Aufenthalt so angenehm wie m\u00f6glich zu gestalten. Der Entspannungsraum, der f\u00fcr beide Teile der Wohnung zug\u00e4nglich ist, bietet eine Sauna und ein Dampfbad.<\/p>\n<p>[\/vc_column_text][\/vc_column_inner][\/vc_row_inner][vc_empty_space height=&#8220;100&#8243;][\/vc_column][\/vc_row][vc_row equal_height=&#8220;yes&#8220; content_placement=&#8220;middle&#8220; sbxs_bg_class=&#8220;bg-light&#8220; sbxs_headings_class=&#8220;headings-dark&#8220; sbxs_text_class=&#8220;text-dark&#8220;][vc_column width=&#8220;1\/2&#8243; css=&#8220;.vc_custom_1523273977181{padding-top: 40px !important;padding-right: 40px !important;padding-bottom: 40px !important;padding-left: 40px !important;}&#8220;][vc_empty_space height=&#8220;75&#8243;][vc_column_text el_class=&#8220;styled-title-center&#8220;]<\/p>\n<h2 style=\"text-align: center;\">Fahrradroutennetz Pferderoutennetz<\/h2>\n<p>[\/vc_column_text][vc_empty_space height=&#8220;20&#8243;][vc_column_text]<\/p>\n<p style=\"text-align: center;\">\u00a0Fahrradrouten auf dem Anwesen, aber man gelangt problemlos auf das Fahrradroutennetz. Auf dem Fahrrad- und Pferderoutennetz entdeckt man die sch\u00f6nsten Orte des Nationalparks.<\/p>\n<p>[\/vc_column_text][vc_empty_space height=&#8220;75&#8243;][\/vc_column][vc_column width=&#8220;1\/2&#8243; css=&#8220;.vc_custom_1524476536269{background-image: url(https:\/\/www.twinstone.be\/wp-content\/uploads\/paardenroute.png?id=2069) !important;background-position: center !important;background-repeat: no-repeat !important;background-size: cover !important;}&#8220;][vc_empty_space height=&#8220;175&#8243;][\/vc_column][\/vc_row][vc_row sbxs_bg_class=&#8220;bg-white&#8220; sbxs_headings_class=&#8220;headings-dark&#8220; sbxs_text_class=&#8220;text-dark&#8220;][vc_column][vc_empty_space height=&#8220;75&#8243;][vc_column_text el_class=&#8220;styled-title-center&#8220;]<\/p>\n<h2 style=\"text-align: center;\">Entdecken Sie Twinstone Lodge<\/h2>\n<p>[\/vc_column_text][vc_column_text el_class=&#8220;styled-subtext&#8220;]<\/p>\n<p style=\"text-align: center;\">\u201dAdventure Awaits, Go find it.\u201d<\/p>\n<p>[\/vc_column_text][vc_empty_space height=&#8220;50&#8243;]\t\t\t\t\n\t\t\t\t<!-- Modal -->\n\t\t\t\t<div id=\"twinvideo\" class=\"modal fade\" role=\"dialog\">\n\t\t\t\t  <div class=\"modal-dialog\">\n\t\t\t\t\n\t\t\t\t    <!-- Modal content-->\n\t\t\t\t    <div class=\"modal-content\">\n\t\t\t\t\t    \n\t\t\t\t      <div class=\"modal-header\">\n\t\t\t\t        <button type=\"button\" class=\"close\" data-dismiss=\"modal\">&times;<\/button>\n\t\t\t\t      <\/div>\n\t\t\t\t      \n\t\t\t\t      <div class=\"modal-body\">\n\t\t\t\t      \t<video id=\"twinvideoel\" controls src=\"https:\/\/www.twinstone.be\/wp-content\/uploads\/twinstone-lodge-video.mp4\"><\/video>\n\t\t\t\t      <\/div>\n\t\t\t\t      \n\t\t\t\t    <\/div>\n\t\t\t\t\n\t\t\t\t  <\/div>\n\t\t\t\t<\/div>\n\n\n\t\t\t\t<script>\n\t\t\t\tjQuery(document).ready(function($) {\n\t\t\t\t\tjQuery('.opentwinvideo').click(function(e) {\n\t\t\t\t\t\te.preventDefault();\n\t\t\t\t\t\tjQuery(\"#twinvideo\").modal();\n\t\t\t\t\t\t\n\t\t\t\t\t\tif (jQuery(\"#twinvideoel\").get(0).paused) {\n\t\t\t\t\t\t       jQuery(\"#twinvideoel\").get(0).play();\n\t\t\t\t\t\t   } else {\n\t\t\t\t\t\t       jQuery(\"#twinvideoel\").get(0).pause();\n\t\t\t\t\t\t  }\n  \n\t\t\t\t\t});\n\t\t\t\t\n\t\t\t\t\tjQuery('#twinvideo').on('hidden.bs.modal', function () {\n\t\t\t\t\t  jQuery(\"#twinvideoel\").get(0).pause();\n\t\t\t\t\t});\n\t\t\t\t});\n\t\t\t\t<\/script>\n\n\t\t\t\n\t\t\t\t<div class=\"homepage-masonry\">\n\t\t\t\t\t\n\t\t\t\t\t<div class=\"col-lg-3 col-md-3 col-sm-3 col-xs-3 grid-sizer\"><\/div>\n\t\t\t\t\t\n\t\t\t\t\t\n\n\n\t\t\t\t\t<div class=\"col-lg-6 col-md-6 col-sm-6 col-xs-12 masonry-item double-height\">\n\t\t\t\t\t\t<div class=\"inner\" style=\"background-image: url(https:\/\/www.twinstone.be\/wp-content\/uploads\/video-bg.png);\">\n\t\t\t\t\t\t\t<a class=\"link opentwinvideo\" href=\"#\">\n\t\t\t\t\t\t\t\t<div class=\"caption\">\n\t\t\t\t\t\t\t\t\t<!--\n\t\t\t\t\t\t\t\t\t<h3>Bekijk het fotoalbum<\/h3>\n\t\t\t\t\t\t\t\t\t<h4>Een interieur om van te genieten<\/h4>\n\t\t\t\t\t\t\t\t\t-->\n\t\t\t\t\t\t\t\t\t<i class=\"fa fa-play\"><\/i>\n\n\t\t\t\t\t\t\t\t<\/div>\n\t\t\t\t\t\t\t<\/a>\n\t\t\t\t\t\t<\/div>\n\t\t\t\t\t<\/div>\n\t\t\t\t\t\n\t\t\t\t\t\n\t\t\t\t\t\n\t\t\t\t\t\n\t\t\t\t\t<!--\n\t\t\t\t\t<div class=\"col-lg-6 masonry-item double-height\">\n\t\t\t\t\t\t<div class=\"inner\" style=\"background-image: url(https:\/\/www.twinstone.be\/wp-content\/uploads\/shutterstock-366653684.jpg);\">\n\t\t\t\t\t\t\t<a class=\"link\" href=\"http:\/\/twin.sbxs.io\/fotoalbum\/\">\n\t\t\t\t\t\t\t\t<div class=\"caption\">\n\t\t\t\t\t\t\t\t\t<h3>Bekijk het fotoalbum<\/h3>\n\t\t\t\t\t\t\t\t\t<h4>Een interieur om van te genieten<\/h4>\n\t\t\t\t\t\t\t\t<\/div>\n\t\t\t\t\t\t\t<\/a>\n\t\t\t\t\t\t<\/div>\n\t\t\t\t\t<\/div>\n\t\t\t\t\t-->\n\t\t\t\t\t\n\t\t\t\t\t<div class=\"col-lg-3 col-md-3 col-sm-6 col-xs-12 masonry-item\">\n\t\t\t\t\t\t<div class=\"inner\" style=\"background-image: url(https:\/\/www.twinstone.be\/wp-content\/uploads\/kattevennen.png);\">\n\t\t\t\t\t\t\t\t\t\t\t\t\t\t<a class=\"link\" href=\"https:\/\/www.twinstone.be\/de\/kattevennen\/\">\n\t\t\t\t\t\t\t\t<div class=\"caption\">\n\t\t\t\t\t\t\t\t\t<h3>Kattevennen<\/h3>\n\t\t\t\t\t\t\t\t\t<h4>Entdecken Sie die Umgebung<\/h4>\n\t\t\t\t\t\t\t\t<\/div>\n\t\t\t\t\t\t\t<\/a>\n\t\t\t\t\t\t<\/div>\n\t\t\t\t\t<\/div>\n\t\t\t\t\t\t\t\t\n\t\t\t\t\t<div class=\"col-lg-3 col-md-3 col-sm-6 col-xs-12 masonry-item\">\n\t\t\t\t\t\t<div class=\"inner\" style=\"background-image: url(https:\/\/www.twinstone.be\/wp-content\/uploads\/54110259.png);\">\n\t\t\t\t\t\t\t\t\t\t\t\t\t\t<a class=\"link\" href=\"https:\/\/www.twinstone.be\/de\/ferienwohnung\/\">\n\t\t\t\t\t\t\t\t<div class=\"caption\">\n\t\t\t\t\t\t\t\t\t<h3>Ferienwohning<\/h3>\n\t\t\t\t\t\t\t\t\t<h4>Faciliteiten & praktische info<\/h4>\n\t\t\t\t\t\t\t\t<\/div>\n\t\t\t\t\t\t\t<\/a>\n\t\t\t\t\t\t<\/div>\n\t\t\t\t\t<\/div>\n\t\t\t\t\t\n\t\t\t\t\t<!--\n\t\t\t\t\t<div class=\"col-lg-6 masonry-item\">\n\t\t\t\t\t\t<div class=\"inner\" style=\"background-image: url(https:\/\/www.twinstone.be\/wp-content\/uploads\/shutterstock-383121376.png);\">\n\t\t\t\t\t\t\t<a class=\"link\" href=\"http:\/\/twin.sbxs.io\/reservatie\/\">\n\t\t\t\t\t\t\t\t<div class=\"caption\">\n\t\t\t\t\t\t\t\t\t<h3>Reservatie<\/h3>\n\t\t\t\t\t\t\t\t\t<h4>Bekijk snel de beschikbare periode om te boeken<\/h4>\n\t\t\t\t\t\t\t\t<\/div>\n\t\t\t\t\t\t\t<\/a>\n\t\t\t\t\t\t<\/div>\n\t\t\t\t\t<\/div>\n\t\t\t\t\t-->\n\t\t\t\t\n\t\t\t\t\n\n\t\t\t\t\n\t\t\t\t\t<div class=\"col-lg-3 col-md-3 col-sm-6 col-xs-12 masonry-item\">\n\t\t\t\t\t\t<div class=\"inner\" style=\"background-image: url(https:\/\/www.twinstone.be\/wp-content\/uploads\/54110259.png);\">\n\t\t\t\t\t\t\t\t\t\t\t\t\t\t<a class=\"link\" href=\"https:\/\/www.twinstone.be\/de\/fotoalbum\/\">\n\t\t\t\t\t\t\t\t<div class=\"caption\">\n\t\t\t\t\t\t\t\t\t<h3>Fotoalbum<\/h3>\n\t\t\t\t\t\t\t\t\t<h4>Entdecken Sie Twinstone Lodge<\/h4>\n\t\t\t\t\t\t\t\t<\/div>\n\t\t\t\t\t\t\t<\/a>\n\t\t\t\t\t\t<\/div>\n\t\t\t\t\t<\/div>\n\t\t\t\t\t\t\t\t\n\t\t\t\t\t<div class=\"col-lg-3 col-md-3 col-sm-6 col-xs-12 masonry-item\">\n\t\t\t\t\t\t<div class=\"inner\" style=\"background-image: url(https:\/\/www.twinstone.be\/wp-content\/uploads\/kattevennen.png);\">\n\t\t\t\t\t\t\t\t\t\t\t\t\t\t<a class=\"link\" href=\"https:\/\/www.twinstone.be\/de\/kontakt\/\">\n\t\t\t\t\t\t\t\t<div class=\"caption\">\n\t\t\t\t\t\t\t\t\t<h3>Kontakt<\/h3>\n\t\t\t\t\t\t\t\t\t<h4>Nehmen Sie Kontakt mit uns auf, einfach und schnell<\/h4>\n\t\t\t\t\t\t\t\t<\/div>\n\t\t\t\t\t\t\t<\/a>\n\t\t\t\t\t\t<\/div>\n\t\t\t\t\t<\/div>\n\t\t\t\t\t\n\t\t\t\t\t\n\t\t\t\t\t\n\t\t\t\t\t\n\t\t\t\t<\/div>\n\t\t\t\t\n\t\t\t\t\n\t\t\t[vc_empty_space height=&#8220;50&#8243;][\/vc_column][\/vc_row][vc_row equal_height=&#8220;yes&#8220; content_placement=&#8220;middle&#8220; sbxs_bg_class=&#8220;bg-light&#8220; sbxs_headings_class=&#8220;headings-dark&#8220; sbxs_text_class=&#8220;text-dark&#8220;][vc_column width=&#8220;1\/2&#8243; css=&#8220;.vc_custom_1523273977181{padding-top: 40px !important;padding-right: 40px !important;padding-bottom: 40px !important;padding-left: 40px !important;}&#8220;][vc_column_text el_class=&#8220;styled-title&#8220;]<\/p>\n<h2 style=\"text-align: center;\">Eine\u00a0 perfekte Route<\/h2>\n<p>[\/vc_column_text][vc_empty_space height=&#8220;20&#8243;][vc_column_text el_class=&#8220;styled-title&#8220;]<\/p>\n<p style=\"text-align: center;\">Twinstone Lodge &#8211; Kattevennen &#8211; 3600 Genk &#8211; Belgien<\/p>\n<p style=\"text-align: center;\">Im gr\u00fcnen Herzen von Limburg am Rand des ersten Nationalparks von Flandern ist das Zugangstor Kattevennen der Ort schlechthin f\u00fcr Fahrradtouren. Es gibt mehrereFolgen Sie ab dem Oosterring in H\u00f6he der Kreuzung am Krankenhaus Oost-Limburg (ZOL) den Schildern \u201eKattevennen\u201c. Folgen Sie auf dem Anwesen den Schildern \u201eTwinstone Lodge\u201c.<br \/>\nNehmen Sie f\u00fcr mehr Informationen per E-Mail\u00a0<a href=\"mailto:info@twinstone.be?subject=Twinstone%20Lodge\">info@twinstone.be<\/a> oder telefonisch unter der Telefonnummer 0475 813 678 Kontakt mit uns auf.<\/p>\n<p>[\/vc_column_text][vc_empty_space height=&#8220;60&#8243;][\/vc_column][vc_column width=&#8220;1\/2&#8243; css=&#8220;.vc_custom_1524232720714{padding-top: 0px !important;padding-right: 0px !important;padding-bottom: 0px !important;padding-left: 0px !important;background-position: center !important;background-repeat: no-repeat !important;background-size: cover !important;}&#8220;]\t\t\t\n\t\t\t\t\t\t\t\n<iframe loading=\"lazy\" width=\"100%\" height=\"600\" frameborder=\"0\" style=\"border:0\" src=\"https:\/\/www.google.com\/maps\/embed\/v1\/place?q=place_id:ChIJjZdLlbHewEcRaqVJZHsXeGs&amp;key=AIzaSyAqMl5tXe0KVXTwzAgHgGysTTtdvjx--Y0\" allowfullscreen><\/iframe>\n\t\t\t\t    \n\t\t\t[\/vc_column][\/vc_row][vc_row equal_height=&#8220;yes&#8220; content_placement=&#8220;middle&#8220; sbxs_bg_class=&#8220;bg-primary&#8220; sbxs_headings_class=&#8220;headings-white&#8220; sbxs_text_class=&#8220;text-white&#8220;][vc_column css=&#8220;.vc_custom_1523273977181{padding-top: 40px !important;padding-right: 40px !important;padding-bottom: 40px !important;padding-left: 40px !important;}&#8220;][vc_empty_space height=&#8220;60&#8243;][vc_column_text]<\/p>\n<h3 style=\"text-align: center;\">Twinstone Lodge<\/h3>\n<p>[\/vc_column_text][vc_empty_space height=&#8220;16&#8243;][vc_column_text]<\/p>\n<p style=\"text-align: center;\">&#8222;the perfect place to be, is exactly where you are right now&#8220;<\/p>\n<p>[\/vc_column_text][vc_empty_space height=&#8220;60&#8243;][\/vc_column][\/vc_row]<\/p>\n","protected":false},"excerpt":{"rendered":"<p>[vc_row css=&#8220;.vc_custom_1522851111673{background-image: url(https:\/\/www.twinstone.be\/wp-content\/uploads\/56369609.jpg?id=1986) !important;background-position: center !important;background-repeat: no-repeat !important;background-size: cover !important;}&#8220;][vc_column css=&#8220;.vc_custom_1524421615013{padding-right: 0px !important;padding-bottom: 0px !important;padding-left: 0px !important;background-color: rgba(255,255,255,0.15) !important;*background-color: rgb(255,255,255) !important;}&#8220;][vc_empty_space height=&#8220;370&#8243;][\/vc_column][\/vc_row][vc_row sbxs_bg_class=&#8220;bg-white&#8220; sbxs_headings_class=&#8220;headings-dark&#8220; sbxs_text_class=&#8220;text-dark&#8220;][vc_column][vc_empty_space height=&#8220;75&#8243;][vc_column_text el_class=&#8220;styled-title-center&#8220;] Entdecken Sie Twinstone hier [\/vc_column_text][vc_column_text el_class=&#8220;styled-subtext&#8220;] \u201cSometimes the most productive thing you can do is relax.\u201d [\/vc_column_text][vc_empty_space height=&#8220;50&#8243;][vc_row_inner el_class=&#8220;row-cards&#8220; css=&#8220;.vc_custom_1524473009442{padding-right: 32px !important;padding-left: 32px !important;}&#8220;][vc_column_inner width=&#8220;1\/3&#8243; css=&#8220;.vc_custom_1524472945378{padding-right: 16px !important;padding-left:<\/p>\n","protected":false},"author":1,"featured_media":0,"parent":0,"menu_order":0,"comment_status":"closed","ping_status":"closed","template":"","meta":{"_acf_changed":false,"footnotes":""},"class_list":["post-2306","page","type-page","status-publish","hentry"],"acf":[],"_links":{"self":[{"href":"https:\/\/www.twinstone.be\/de\/wp-json\/wp\/v2\/pages\/2306","targetHints":{"allow":["GET"]}}],"collection":[{"href":"https:\/\/www.twinstone.be\/de\/wp-json\/wp\/v2\/pages"}],"about":[{"href":"https:\/\/www.twinstone.be\/de\/wp-json\/wp\/v2\/types\/page"}],"author":[{"embeddable":true,"href":"https:\/\/www.twinstone.be\/de\/wp-json\/wp\/v2\/users\/1"}],"replies":[{"embeddable":true,"href":"https:\/\/www.twinstone.be\/de\/wp-json\/wp\/v2\/comments?post=2306"}],"version-history":[{"count":11,"href":"https:\/\/www.twinstone.be\/de\/wp-json\/wp\/v2\/pages\/2306\/revisions"}],"predecessor-version":[{"id":2999,"href":"https:\/\/www.twinstone.be\/de\/wp-json\/wp\/v2\/pages\/2306\/revisions\/2999"}],"wp:attachment":[{"href":"https:\/\/www.twinstone.be\/de\/wp-json\/wp\/v2\/media?parent=2306"}],"curies":[{"name":"wp","href":"https:\/\/api.w.org\/{rel}","templated":true}]}}